{"id":86,"date":"2024-09-23T15:40:37","date_gmt":"2024-09-23T15:40:37","guid":{"rendered":"https:\/\/benhvienthammykangnam.com.vn\/hoi-dap\/?page_id=86"},"modified":"2025-12-25T14:33:36","modified_gmt":"2025-12-25T07:33:36","slug":"dat-cau-hoi","status":"publish","type":"page","link":"https:\/\/benhvienthammykangnam.com.vn\/hoi-dap\/dat-cau-hoi\/","title":{"rendered":"\u0110\u1eb7t c\u00e2u h\u1ecfi"},"content":{"rendered":"","protected":false},"excerpt":{"rendered":"<p>&#8230;<\/p>\n","protected":false},"author":1,"featured_media":0,"parent":0,"menu_order":0,"comment_status":"closed","ping_status":"closed","template":"templates\/dat_cau_hoi.php","meta":{"_acf_changed":false,"_glsr_average":0,"_glsr_ranking":0,"_glsr_reviews":0,"footnotes":""},"class_list":["post-86","page","type-page","status-publish","hentry"],"acf":{"group_admin_control":"","group_admin":"default","group_page_field":{"":null,"header_custom":null,"body_custom":null,"sidebar_custom":null,"site_custom":null}},"yoast_head":"<title>\u0110\u1eb7t C\u00e2u H\u1ecfi - T\u01b0 V\u1ea5n Th\u1ea9m M\u1ef9 Chuy\u00ean S\u00e2u | B\u1ec7nh Vi\u1ec7n Kangnam<\/title>\n<meta name=\"description\" content=\"G\u1eedi c\u00e2u h\u1ecfi th\u1ea9m m\u1ef9 tr\u1ef1c ti\u1ebfp \u0111\u1ebfn b\u00e1c s\u0129 chuy\u00ean khoa t\u1ea1i B\u1ec7nh vi\u1ec7n Kangnam. Nh\u1eadn t\u01b0 v\u1ea5n chuy\u00ean s\u00e2u v\u1ec1 n\u00e2ng m\u0169i, c\u1eaft m\u00ed, h\u00fat m\u1ee1 v\u00e0 nhi\u1ec1u d\u1ecbch v\u1ee5 l\u00e0m \u0111\u1eb9p kh\u00e1c.\" \/>\n<meta name=\"robots\" content=\"index, follow, max-snippet:-1, max-image-preview:large, max-video-preview:-1\" \/>\n<link rel=\"canonical\" href=\"https:\/\/benhvienthammykangnam.com.vn\/hoi-dap\/dat-cau-hoi\/\" \/>\n<meta property=\"og:locale\" content=\"en_US\" \/>\n<meta property=\"og:type\" content=\"article\" \/>\n<meta property=\"og:title\" content=\"\u0110\u1eb7t C\u00e2u H\u1ecfi - T\u01b0 V\u1ea5n Th\u1ea9m M\u1ef9 Chuy\u00ean S\u00e2u | B\u1ec7nh Vi\u1ec7n Kangnam\" \/>\n<meta property=\"og:description\" content=\"G\u1eedi c\u00e2u h\u1ecfi th\u1ea9m m\u1ef9 tr\u1ef1c ti\u1ebfp \u0111\u1ebfn b\u00e1c s\u0129 chuy\u00ean khoa t\u1ea1i B\u1ec7nh vi\u1ec7n Kangnam. Nh\u1eadn t\u01b0 v\u1ea5n chuy\u00ean s\u00e2u v\u1ec1 n\u00e2ng m\u0169i, c\u1eaft m\u00ed, h\u00fat m\u1ee1 v\u00e0 nhi\u1ec1u d\u1ecbch v\u1ee5 l\u00e0m \u0111\u1eb9p kh\u00e1c.\" \/>\n<meta property=\"og:url\" content=\"https:\/\/benhvienthammykangnam.com.vn\/hoi-dap\/dat-cau-hoi\/\" \/>\n<meta property=\"og:site_name\" content=\"H\u1ecfi \u0111\u00e1p\" \/>\n<meta property=\"article:modified_time\" content=\"2025-12-25T07:33:36+00:00\" \/>\n<meta property=\"og:image\" content=\"https:\/\/benhvienthammykangnam.com.vn\/hoi-dap\/wp-content\/uploads\/2024\/09\/logo-1.png\" \/>\n\t<meta property=\"og:image:width\" content=\"2039\" \/>\n\t<meta property=\"og:image:height\" content=\"615\" \/>\n\t<meta property=\"og:image:type\" content=\"image\/png\" \/>\n<meta name=\"twitter:card\" content=\"summary_large_image\" \/>","yoast_head_json":{"title":"\u0110\u1eb7t C\u00e2u H\u1ecfi - T\u01b0 V\u1ea5n Th\u1ea9m M\u1ef9 Chuy\u00ean S\u00e2u | B\u1ec7nh Vi\u1ec7n Kangnam","description":"G\u1eedi c\u00e2u h\u1ecfi th\u1ea9m m\u1ef9 tr\u1ef1c ti\u1ebfp \u0111\u1ebfn b\u00e1c s\u0129 chuy\u00ean khoa t\u1ea1i B\u1ec7nh vi\u1ec7n Kangnam. Nh\u1eadn t\u01b0 v\u1ea5n chuy\u00ean s\u00e2u v\u1ec1 n\u00e2ng m\u0169i, c\u1eaft m\u00ed, h\u00fat m\u1ee1 v\u00e0 nhi\u1ec1u d\u1ecbch v\u1ee5 l\u00e0m \u0111\u1eb9p kh\u00e1c.","robots":{"index":"index","follow":"follow","max-snippet":"max-snippet:-1","max-image-preview":"max-image-preview:large","max-video-preview":"max-video-preview:-1"},"canonical":"https:\/\/benhvienthammykangnam.com.vn\/hoi-dap\/dat-cau-hoi\/","og_locale":"en_US","og_type":"article","og_title":"\u0110\u1eb7t C\u00e2u H\u1ecfi - T\u01b0 V\u1ea5n Th\u1ea9m M\u1ef9 Chuy\u00ean S\u00e2u | B\u1ec7nh Vi\u1ec7n Kangnam","og_description":"G\u1eedi c\u00e2u h\u1ecfi th\u1ea9m m\u1ef9 tr\u1ef1c ti\u1ebfp \u0111\u1ebfn b\u00e1c s\u0129 chuy\u00ean khoa t\u1ea1i B\u1ec7nh vi\u1ec7n Kangnam. Nh\u1eadn t\u01b0 v\u1ea5n chuy\u00ean s\u00e2u v\u1ec1 n\u00e2ng m\u0169i, c\u1eaft m\u00ed, h\u00fat m\u1ee1 v\u00e0 nhi\u1ec1u d\u1ecbch v\u1ee5 l\u00e0m \u0111\u1eb9p kh\u00e1c.","og_url":"https:\/\/benhvienthammykangnam.com.vn\/hoi-dap\/dat-cau-hoi\/","og_site_name":"H\u1ecfi \u0111\u00e1p","article_modified_time":"2025-12-25T07:33:36+00:00","og_image":[{"width":2039,"height":615,"url":"https:\/\/benhvienthammykangnam.com.vn\/hoi-dap\/wp-content\/uploads\/2024\/09\/logo-1.png","type":"image\/png"}],"twitter_card":"summary_large_image","schema":{"@context":"https:\/\/schema.org","@graph":[{"@type":"WebPage","@id":"https:\/\/benhvienthammykangnam.com.vn\/hoi-dap\/dat-cau-hoi\/","url":"https:\/\/benhvienthammykangnam.com.vn\/hoi-dap\/dat-cau-hoi\/","name":"\u0110\u1eb7t C\u00e2u H\u1ecfi - T\u01b0 V\u1ea5n Th\u1ea9m M\u1ef9 Chuy\u00ean S\u00e2u | B\u1ec7nh Vi\u1ec7n Kangnam","isPartOf":{"@id":"https:\/\/benhvienthammykangnam.com.vn\/hoi-dap\/#website"},"datePublished":"2024-09-23T15:40:37+00:00","dateModified":"2025-12-25T07:33:36+00:00","description":"G\u1eedi c\u00e2u h\u1ecfi th\u1ea9m m\u1ef9 tr\u1ef1c ti\u1ebfp \u0111\u1ebfn b\u00e1c s\u0129 chuy\u00ean khoa t\u1ea1i B\u1ec7nh vi\u1ec7n Kangnam. Nh\u1eadn t\u01b0 v\u1ea5n chuy\u00ean s\u00e2u v\u1ec1 n\u00e2ng m\u0169i, c\u1eaft m\u00ed, h\u00fat m\u1ee1 v\u00e0 nhi\u1ec1u d\u1ecbch v\u1ee5 l\u00e0m \u0111\u1eb9p kh\u00e1c.","breadcrumb":{"@id":"https:\/\/benhvienthammykangnam.com.vn\/hoi-dap\/dat-cau-hoi\/#breadcrumb"},"inLanguage":"en-US","potentialAction":[{"@type":"ReadAction","target":["https:\/\/benhvienthammykangnam.com.vn\/hoi-dap\/dat-cau-hoi\/"]}]},{"@type":"BreadcrumbList","@id":"https:\/\/benhvienthammykangnam.com.vn\/hoi-dap\/dat-cau-hoi\/#breadcrumb","itemListElement":[{"@type":"ListItem","position":1,"name":"H\u1ecfi \u0111\u00e1p","item":"https:\/\/benhvienthammykangnam.com.vn\/hoi-dap\/"},{"@type":"ListItem","position":2,"name":"\u0110\u1eb7t c\u00e2u h\u1ecfi"}]},{"@type":"WebSite","@id":"https:\/\/benhvienthammykangnam.com.vn\/hoi-dap\/#website","url":"https:\/\/benhvienthammykangnam.com.vn\/hoi-dap\/","name":"H\u1ecfi \u0110\u00e1p chuy\u00ean gia th\u1ea9m m\u1ef9","description":"H\u1ecfi \u0110\u00e1p chuy\u00ean gia th\u1ea9m m\u1ef9","potentialAction":[{"@type":"SearchAction","target":{"@type":"EntryPoint","urlTemplate":"https:\/\/benhvienthammykangnam.com.vn\/hoi-dap\/?s={search_term_string}"},"query-input":{"@type":"PropertyValueSpecification","valueRequired":true,"valueName":"search_term_string"}}],"inLanguage":"en-US"}]}},"_links":{"self":[{"href":"https:\/\/benhvienthammykangnam.com.vn\/hoi-dap\/wp-json\/wp\/v2\/pages\/86","targetHints":{"allow":["GET"]}}],"collection":[{"href":"https:\/\/benhvienthammykangnam.com.vn\/hoi-dap\/wp-json\/wp\/v2\/pages"}],"about":[{"href":"https:\/\/benhvienthammykangnam.com.vn\/hoi-dap\/wp-json\/wp\/v2\/types\/page"}],"author":[{"embeddable":true,"href":"https:\/\/benhvienthammykangnam.com.vn\/hoi-dap\/wp-json\/wp\/v2\/users\/1"}],"replies":[{"embeddable":true,"href":"https:\/\/benhvienthammykangnam.com.vn\/hoi-dap\/wp-json\/wp\/v2\/comments?post=86"}],"version-history":[{"count":0,"href":"https:\/\/benhvienthammykangnam.com.vn\/hoi-dap\/wp-json\/wp\/v2\/pages\/86\/revisions"}],"wp:attachment":[{"href":"https:\/\/benhvienthammykangnam.com.vn\/hoi-dap\/wp-json\/wp\/v2\/media?parent=86"}],"curies":[{"name":"wp","href":"https:\/\/api.w.org\/{rel}","templated":true}]}}