{"id":7143,"date":"2024-12-25T08:52:04","date_gmt":"2024-12-25T08:52:04","guid":{"rendered":"https:\/\/benhvienthammykangnam.com.vn\/hoi-dap\/?page_id=7143"},"modified":"2024-12-26T15:59:46","modified_gmt":"2024-12-26T15:59:46","slug":"hanh-trinh-nang-mui-cua-hot-tiktoker-tieu-trinh-tai-benh-vien-tham-my-kangnam","status":"publish","type":"page","link":"https:\/\/benhvienthammykangnam.com.vn\/hoi-dap\/hanh-trinh-nang-mui-cua-hot-tiktoker-tieu-trinh-tai-benh-vien-tham-my-kangnam\/","title":{"rendered":"H\u00e0nh tr\u00ecnh n\u00e2ng m\u0169i c\u1ee7a hot tiktoker Ti\u1ec3u Trinh t\u1ea1i B\u1ec7nh vi\u1ec7n Th\u1ea9m m\u1ef9 Kangnam"},"content":{"rendered":"<p><em>Hot Tiktoker Ti\u1ec3u Trinh, m\u1ed9t trong nh\u1eefng g\u01b0\u01a1ng m\u1eb7t \u0111\u01b0\u1ee3c y\u00eau th\u00edch tr\u00ean m\u1ea1ng x\u00e3 h\u1ed9i v\u1eeba khi\u1ebfn ng\u01b0\u1eddi h\u00e2m m\u1ed9 tr\u1ea7m tr\u1ed3 khi ti\u1ebft l\u1ed9 h\u00e0nh tr\u00ecnh n\u00e2ng m\u0169i t\u1ea1i <a href=\"https:\/\/benhvienthammykangnam.com.vn\/\" target=\"_blank\">B\u1ec7nh vi\u1ec7n Th\u1ea9m m\u1ef9 Kangnam<\/a>.<\/em><\/p>\n<p>Tr\u01b0\u1edbc \u0111\u00e2y, Ti\u1ec3u Trinh lu\u00f4n t\u1ef1 ti v\u00ec s\u1ed1ng m\u0169i th\u1ea5p, hai b\u00ean c\u00e1nh m\u0169i to b\u00e8. M\u1ed7i khi \u0111\u1ee9ng tr\u01b0\u1edbc m\u00e1y \u1ea3nh, c\u1ea3m gi\u00e1c b\u1ecb l\u1ed9 r\u00f5 c\u00e1c khuy\u1ebft \u0111i\u1ec3m khi\u1ebfn c\u00f4 ng\u1ea1i t\u1ea1o d\u00e1ng v\u00e0 d\u1ea7n kh\u00f4ng c\u00f2n h\u1ee9ng th\u00fa v\u1edbi vai tr\u00f2 l\u00e0 m\u1ed9t tiktoker. Ch\u00ednh v\u00ec v\u1eady, Trinh quy\u1ebft \u0111\u1ecbnh t\u00ecm \u0111\u1ebfn <a href=\"https:\/\/benhvienthammykangnam.com.vn\/hoi-dap\/phau-thuat-tham-my-la-gi\/\">ph\u1eabu thu\u1eadt th\u1ea9m m\u1ef9<\/a> \u0111\u1ec3 thay \u0111\u1ed5i di\u1ec7n m\u1ea1o.<\/p>\n<div id=\"attachment_7327\" style=\"width: 810px\" class=\"wp-caption aligncenter\"><img loading=\"lazy\" decoding=\"async\" aria-describedby=\"caption-attachment-7327\" class=\"size-full wp-image-7327\" src=\"https:\/\/benhvienthammykangnam.com.vn\/hoi-dap\/wp-content\/uploads\/2024\/12\/tinh-trang-mui-tieu-trinh.jpg\" alt=\"T\u00ecnh tr\u1ea1ng m\u0169i to, th\u00f4 tr\u01b0\u1edbc ph\u1eabu thu\u1eadt c\u1ee7a Ti\u1ec3u Trinh\" width=\"800\" height=\"534\" \/><p id=\"caption-attachment-7327\" class=\"wp-caption-text\">T\u00ecnh tr\u1ea1ng m\u0169i to, th\u00f4 tr\u01b0\u1edbc ph\u1eabu thu\u1eadt c\u1ee7a Ti\u1ec3u Trinh<\/p><\/div>\n<p>Ti\u1ec3u Trinh \u0111\u00e3 nghi\u00ean c\u1ee9u r\u1ea5t k\u1ef9 v\u1ec1 c\u00e1c c\u01a1 s\u1edf th\u1ea9m m\u1ef9, b\u1edfi c\u00f4 kh\u00f4ng ch\u1ec9 mong mu\u1ed1n c\u00f3 chi\u1ebfc m\u0169i \u0111\u1eb9p m\u00e0 c\u00f2n r\u1ea5t ch\u00fa tr\u1ecdng \u0111\u1ebfn s\u1ef1 an to\u00e0n. &#8220;<em>M\u00ecnh \u0111\u00e3 tham kh\u1ea3o r\u1ea5t nhi\u1ec1u n\u01a1i tr\u01b0\u1edbc khi quy\u1ebft \u0111\u1ecbnh n\u00e2ng m\u0169i, nh\u01b0ng th\u1eadt s\u1ef1 Kangnam khi\u1ebfn m\u00ecnh \u1ea5n t\u01b0\u1ee3ng ngay t\u1eeb l\u1ea7n \u0111\u1ea7u ti\u00ean. Kangnam l\u00e0 th\u01b0\u01a1ng hi\u1ec7u l\u1edbn, uy t\u00edn m\u00e0 gi\u00e1 l\u1ea1i h\u1ee3p l\u00fd h\u01a1n nhi\u1ec1u so v\u1edbi nh\u1eefng n\u01a1i m\u00ecnh \u0111\u00e3 t\u00ecm hi\u1ec3u<\/em>.&#8221; c\u00f4 n\u00e0ng chia s\u1ebb.<\/p>\n<p>Ti\u1ec3u Trinh l\u1ef1a ch\u1ecdn n\u00e2ng m\u0169i b\u1edfi b\u00e1c s\u0129 Lucas Ho\u00e0ng, Ph\u00f3 khoa \u0110\u1ea1i ph\u1eabu t\u1ea1i BVTM Kangnam S\u00e0i G\u00f2n. Chia s\u1ebb v\u1ec1 quy\u1ebft \u0111\u1ecbnh n\u00e0y, c\u00f4 cho bi\u1ebft: \u201c<em>Tr\u01b0\u1edbc khi \u0111\u1ebfn Kangnam, m\u00ecnh \u0111\u00e3 t\u00ecm hi\u1ec3u r\u1ea5t k\u1ef9 v\u1ec1 b\u00e1c s\u0129 Lucas Ho\u00e0ng. Th\u1eadt s\u1ef1 r\u1ea5t tin t\u01b0\u1edfng khi bi\u1ebft b\u00e1c c\u00f3 \u0111\u1ea7y \u0111\u1ee7 ch\u1ee9ng ch\u1ec9 PTTM v\u00e0 h\u01a1n 15 n\u0103m kinh nghi\u1ec7m trong ng\u00e0nh. Sau khi \u0111\u01b0\u1ee3c b\u00e1c t\u01b0 v\u1ea5n t\u1ec9 m\u1ec9, m\u00ecnh c\u00e0ng an t\u00e2m h\u01a1n v\u1ec1 chuy\u00ean m\u00f4n c\u1ee7a b\u00e1c<\/em>.\u201d<\/p>\n<div id=\"attachment_7328\" style=\"width: 810px\" class=\"wp-caption aligncenter\"><img loading=\"lazy\" decoding=\"async\" aria-describedby=\"caption-attachment-7328\" class=\"size-full wp-image-7328\" src=\"https:\/\/benhvienthammykangnam.com.vn\/hoi-dap\/wp-content\/uploads\/2024\/12\/bac-si-lucas-hoang-tham-kham.jpg\" alt=\"B\u00e1c s\u0129 Lucas Ho\u00e0ng th\u0103m kh\u00e1m tr\u01b0\u1edbc khi n\u00e2ng m\u0169i\" width=\"800\" height=\"683\" \/><p id=\"caption-attachment-7328\" class=\"wp-caption-text\">B\u00e1c s\u0129 Lucas Ho\u00e0ng th\u0103m kh\u00e1m tr\u01b0\u1edbc khi n\u00e2ng m\u0169i<\/p><\/div>\n<p>Qu\u00e1 tr\u00ecnh th\u0103m kh\u00e1m v\u00e0 t\u01b0 v\u1ea5n tr\u01b0\u1edbc ph\u1eabu thu\u1eadt l\u00e0 m\u1ed9t trong nh\u1eefng tr\u1ea3i nghi\u1ec7m khi\u1ebfn Ti\u1ec3u Trinh \u1ea5n t\u01b0\u1ee3ng. B\u00e1c s\u0129 Lucas Ho\u00e0ng d\u00e0nh nhi\u1ec1u th\u1eddi gian th\u0103m kh\u00e1m k\u1ef9 l\u01b0\u1ee1ng v\u00e0 t\u01b0 v\u1ea5n chi ti\u1ebft v\u1ec1 c\u00e1c ph\u01b0\u01a1ng ph\u00e1p n\u00e2ng m\u0169i. C\u00f4 n\u00e0ng chia s\u1ebb th\u00eam &#8220;<em>C\u00e1i hay l\u00e0 b\u00e1c s\u0129 c\u00f2n cho m\u00ecnh xem tr\u01b0\u1edbc k\u1ebft qu\u1ea3 n\u00e2ng m\u0169i b\u1eb1ng c\u00f4ng ngh\u1ec7 AI Face Design, nh\u00ecn r\u1ea5t th\u1eadt lu\u00f4n. \u0110i\u1ec1u n\u00e0y gi\u00fap m\u00ecnh h\u00ecnh dung \u0111\u01b0\u1ee3c d\u00e1ng m\u0169i sau ph\u1eabu thu\u1eadt n\u00ean c\u00e0ng t\u1ef1 tin quy\u1ebft \u0111\u1ecbnh l\u00e0m. H\u01a1n n\u1eefa, b\u00e1c s\u0129 c\u00f2n b\u00f3c s\u1ee5n tr\u1ef1c ti\u1ebfp cho m\u00ecnh quan s\u00e1t tr\u01b0\u1edbc ph\u1eabu thu\u1eadt n\u00ean m\u00ecnh ho\u00e0n to\u00e0n y\u00ean t\u00e2m<\/em>.&#8221;<\/p>\n<p>Ti\u1ec3u Trinh quy\u1ebft \u0111\u1ecbnh ch\u1ecdn d\u1ecbch v\u1ee5 n\u00e2ng m\u0169i c\u1ea5u tr\u00fac Idol, gi\u1ea3i ph\u00e1p t\u1ea1o d\u00e1ng m\u0169i cao thanh tho\u00e1t, \u0111\u1ea7u m\u0169i thon d\u00e0i t\u1ef1 nhi\u00ean v\u1edbi \u0111\u01b0\u1eddng n\u00e9t khu\u00f4n m\u1eb7t. Ph\u01b0\u01a1ng ph\u00e1p n\u00e0y kh\u00f4ng ch\u1ec9 mang l\u1ea1i v\u1ebb \u0111\u1eb9p h\u00e0i h\u00f2a m\u00e0 c\u00f2n ph\u00f9 h\u1ee3p v\u1edbi phong c\u00e1ch tr\u1ebb trung, hi\u1ec7n \u0111\u1ea1i m\u00e0 c\u00f4 n\u00e0ng lu\u00f4n theo \u0111u\u1ed5i.<\/p>\n<p>Ba th\u00e1ng sau ph\u1eabu thu\u1eadt, Ti\u1ec3u Trinh quay l\u1ea1i BVTM Kangnam t\u00e1i kh\u00e1m v\u00e0 kh\u00f4ng gi\u1ea5u \u0111\u01b0\u1ee3c ni\u1ec1m vui khi m\u0169i \u0111\u00e3 gom form t\u1ef1 nhi\u00ean, \u1ed5n \u0111\u1ecbnh v\u00e0 \u0111\u1eb9p nh\u01b0 mong \u0111\u1ee3i. Qu\u00e1 tr\u00ecnh h\u1ed3i ph\u1ee5c su\u00f4n s\u1ebb khi\u1ebfn c\u00f4 c\u1ea3m th\u1ea5y y\u00ean t\u00e2m v\u00e0 h\u00e0i l\u00f2ng v\u1edbi k\u1ebft qu\u1ea3.<\/p>\n<div id=\"attachment_7329\" style=\"width: 810px\" class=\"wp-caption aligncenter\"><img loading=\"lazy\" decoding=\"async\" aria-describedby=\"caption-attachment-7329\" class=\"size-full wp-image-7329\" src=\"https:\/\/benhvienthammykangnam.com.vn\/hoi-dap\/wp-content\/uploads\/2024\/12\/tieu-trinh-nang-mui-kangnam-2.jpg\" alt=\"M\u0169i thon g\u1ecdn, t\u1ef1 nhi\u00ean gi\u00fap \u0111\u01b0\u1eddng n\u00e9t g\u01b0\u01a1ng m\u1eb7t Ti\u1ec3u Trinh s\u1eafc s\u1ea3o h\u01a1n\" width=\"800\" height=\"800\" \/><p id=\"caption-attachment-7329\" class=\"wp-caption-text\">M\u0169i thon g\u1ecdn, t\u1ef1 nhi\u00ean gi\u00fap \u0111\u01b0\u1eddng n\u00e9t g\u01b0\u01a1ng m\u1eb7t Ti\u1ec3u Trinh s\u1eafc s\u1ea3o h\u01a1n<\/p><\/div>\n<p>&#8220;<em>Sau 3 th\u00e1ng, m\u0169i m\u00ecnh \u0111\u00e3 \u1ed5n \u0111\u1ecbnh v\u00e0 nh\u00ecn r\u1ea5t t\u1ef1 nhi\u00ean, kh\u00f4ng c\u00f3 b\u1ea5t k\u1ef3 v\u1ea5n \u0111\u1ec1 g\u00ec, th\u1ef1c s\u1ef1 qu\u00e1 \u01b0ng \u00fd. M\u00ecnh r\u1ea5t h\u00e0i l\u00f2ng v\u1edbi tr\u1ea3i nghi\u1ec7m n\u00e2ng m\u0169i t\u1ea1i Kangnam n\u00ean l\u1ea7n t\u00e1i kh\u00e1m n\u00e0y m\u00ecnh c\u00f2n r\u1ee7 th\u00eam b\u1ea1n qua l\u00e0m m\u0169i n\u1eefa<\/em>.&#8221;, Ti\u1ec3u Trinh h\u00e0o h\u1ee9ng chia s\u1ebb.<\/p>\n<div id=\"attachment_7330\" style=\"width: 810px\" class=\"wp-caption aligncenter\"><img loading=\"lazy\" decoding=\"async\" aria-describedby=\"caption-attachment-7330\" class=\"size-full wp-image-7330\" src=\"https:\/\/benhvienthammykangnam.com.vn\/hoi-dap\/wp-content\/uploads\/2024\/12\/tieu-trinh-ba.jpg\" alt=\"M\u0169i h\u1ed3i ph\u1ee5c \u1ed5n \u0111\u1ecbnh v\u00e0 \u0111\u1eb9p t\u1ef1 nhi\u00ean\" width=\"800\" height=\"534\" \/><p id=\"caption-attachment-7330\" class=\"wp-caption-text\">M\u0169i h\u1ed3i ph\u1ee5c \u1ed5n \u0111\u1ecbnh v\u00e0 \u0111\u1eb9p t\u1ef1 nhi\u00ean<\/p><\/div>\n<p>Tr\u1ea3i nghi\u1ec7m n\u00e2ng m\u0169i t\u1ea1i <a href=\"https:\/\/benhvienthammykangnam.com.vn\/hoi-dap\/danh-sach-benh-vien-tham-my-uy-tin\/\">B\u1ec7nh vi\u1ec7n Th\u1ea9m m\u1ef9<\/a> Kangnam \u0111\u00e3 mang \u0111\u1ebfn cho Ti\u1ec3u Trinh k\u1ebft qu\u1ea3 v\u01b0\u1ee3t ngo\u00e0i mong \u0111\u1ee3i. Chi\u1ebfc m\u0169i m\u1edbi gi\u00fap c\u00f4 n\u00e0ng th\u00eam t\u1ef1 tin, m\u1edf ra nhi\u1ec1u c\u01a1 h\u1ed9i trong cu\u1ed9c s\u1ed1ng. S\u1ef1 thay \u0111\u1ed5i t\u00edch c\u1ef1c n\u00e0y kh\u1eb3ng \u0111\u1ecbnh t\u1ea7m quan tr\u1ecdng c\u1ee7a vi\u1ec7c l\u1ef1a ch\u1ecdn \u0111\u00fang \u0111\u1ecba ch\u1ec9 l\u00e0m \u0111\u1eb9p uy t\u00edn \u0111\u1ec3 s\u1edf h\u1eefu v\u1ebb \u0111\u1eb9p t\u1ef1 nhi\u00ean v\u00e0 an to\u00e0n.<\/p>\n","protected":false},"excerpt":{"rendered":"<p>Hot Tiktoker Ti\u1ec3u Trinh, m\u1ed9t trong nh\u1eefng g\u01b0\u01a1ng m\u1eb7t \u0111\u01b0\u1ee3c y\u00eau th\u00edch tr\u00ean m\u1ea1ng x\u00e3 h\u1ed9i v\u1eeba khi\u1ebfn ng\u01b0\u1eddi h\u00e2m m\u1ed9 tr\u1ea7m tr\u1ed3 khi ti\u1ebft l\u1ed9 h\u00e0nh tr\u00ecnh n\u00e2ng m\u0169i t\u1ea1i B\u1ec7nh vi\u1ec7n Th\u1ea9m m\u1ef9 Kangnam. Tr\u01b0\u1edbc \u0111\u00e2y, Ti\u1ec3u Trinh lu\u00f4n t\u1ef1 ti v\u00ec s\u1ed1ng m\u0169i th\u1ea5p, hai b\u00ean c\u00e1nh m\u0169i to b\u00e8. &#8230;<\/p>\n","protected":false},"author":3,"featured_media":7331,"parent":0,"menu_order":0,"comment_status":"closed","ping_status":"closed","template":"","meta":{"_acf_changed":false,"_glsr_average":0,"_glsr_ranking":0,"_glsr_reviews":0,"footnotes":""},"class_list":["post-7143","page","type-page","status-publish","has-post-thumbnail","hentry"],"acf":{"group_admin_control":"","group_admin":"default","group_page_field":{"":null,"header_custom":null,"body_custom":null,"sidebar_custom":null,"site_custom":null}},"yoast_head":"<title>H\u00e0nh tr\u00ecnh n\u00e2ng m\u0169i c\u1ee7a hot tiktoker Ti\u1ec3u Trinh t\u1ea1i B\u1ec7nh vi\u1ec7n Th\u1ea9m m\u1ef9 Kangnam - H\u1ecfi \u0111\u00e1p<\/title>\n<meta name=\"description\" content=\"Hot Tiktoker Ti\u1ec3u Trinh, m\u1ed9t trong nh\u1eefng g\u01b0\u01a1ng m\u1eb7t \u0111\u01b0\u1ee3c y\u00eau th\u00edch tr\u00ean m\u1ea1ng x\u00e3 h\u1ed9i v\u1eeba khi\u1ebfn ng\u01b0\u1eddi h\u00e2m m\u1ed9 tr\u1ea7m tr\u1ed3 khi ti\u1ebft l\u1ed9 h\u00e0nh tr\u00ecnh n\u00e2ng m\u0169i t\u1ea1i\" \/>\n<meta name=\"robots\" content=\"index, follow, max-snippet:-1, max-image-preview:large, max-video-preview:-1\" \/>\n<link rel=\"canonical\" href=\"https:\/\/benhvienthammykangnam.com.vn\/hoi-dap\/hanh-trinh-nang-mui-cua-hot-tiktoker-tieu-trinh-tai-benh-vien-tham-my-kangnam\/\" \/>\n<meta property=\"og:locale\" content=\"en_US\" \/>\n<meta property=\"og:type\" content=\"article\" \/>\n<meta property=\"og:title\" content=\"H\u00e0nh tr\u00ecnh n\u00e2ng m\u0169i c\u1ee7a hot tiktoker Ti\u1ec3u Trinh t\u1ea1i B\u1ec7nh vi\u1ec7n Th\u1ea9m m\u1ef9 Kangnam - H\u1ecfi \u0111\u00e1p\" \/>\n<meta property=\"og:description\" content=\"Hot Tiktoker Ti\u1ec3u Trinh, m\u1ed9t trong nh\u1eefng g\u01b0\u01a1ng m\u1eb7t \u0111\u01b0\u1ee3c y\u00eau th\u00edch tr\u00ean m\u1ea1ng x\u00e3 h\u1ed9i v\u1eeba khi\u1ebfn ng\u01b0\u1eddi h\u00e2m m\u1ed9 tr\u1ea7m tr\u1ed3 khi ti\u1ebft l\u1ed9 h\u00e0nh tr\u00ecnh n\u00e2ng m\u0169i t\u1ea1i\" \/>\n<meta property=\"og:url\" content=\"https:\/\/benhvienthammykangnam.com.vn\/hoi-dap\/hanh-trinh-nang-mui-cua-hot-tiktoker-tieu-trinh-tai-benh-vien-tham-my-kangnam\/\" \/>\n<meta property=\"og:site_name\" content=\"H\u1ecfi \u0111\u00e1p\" \/>\n<meta property=\"article:modified_time\" content=\"2024-12-26T15:59:46+00:00\" \/>\n<meta property=\"og:image\" content=\"https:\/\/benhvienthammykangnam.com.vn\/hoi-dap\/wp-content\/uploads\/2024\/12\/tieu-trinh-thumb.jpg\" \/>\n\t<meta property=\"og:image:width\" content=\"1280\" \/>\n\t<meta property=\"og:image:height\" content=\"720\" \/>\n\t<meta property=\"og:image:type\" content=\"image\/jpeg\" \/>\n<meta name=\"twitter:card\" content=\"summary_large_image\" \/>\n<meta name=\"twitter:label1\" content=\"Est. reading time\" \/>\n\t<meta name=\"twitter:data1\" content=\"5 minutes\" \/>","yoast_head_json":{"title":"H\u00e0nh tr\u00ecnh n\u00e2ng m\u0169i c\u1ee7a hot tiktoker Ti\u1ec3u Trinh t\u1ea1i B\u1ec7nh vi\u1ec7n Th\u1ea9m m\u1ef9 Kangnam - H\u1ecfi \u0111\u00e1p","description":"Hot Tiktoker Ti\u1ec3u Trinh, m\u1ed9t trong nh\u1eefng g\u01b0\u01a1ng m\u1eb7t \u0111\u01b0\u1ee3c y\u00eau th\u00edch tr\u00ean m\u1ea1ng x\u00e3 h\u1ed9i v\u1eeba khi\u1ebfn ng\u01b0\u1eddi h\u00e2m m\u1ed9 tr\u1ea7m tr\u1ed3 khi ti\u1ebft l\u1ed9 h\u00e0nh tr\u00ecnh n\u00e2ng m\u0169i t\u1ea1i","robots":{"index":"index","follow":"follow","max-snippet":"max-snippet:-1","max-image-preview":"max-image-preview:large","max-video-preview":"max-video-preview:-1"},"canonical":"https:\/\/benhvienthammykangnam.com.vn\/hoi-dap\/hanh-trinh-nang-mui-cua-hot-tiktoker-tieu-trinh-tai-benh-vien-tham-my-kangnam\/","og_locale":"en_US","og_type":"article","og_title":"H\u00e0nh tr\u00ecnh n\u00e2ng m\u0169i c\u1ee7a hot tiktoker Ti\u1ec3u Trinh t\u1ea1i B\u1ec7nh vi\u1ec7n Th\u1ea9m m\u1ef9 Kangnam - H\u1ecfi \u0111\u00e1p","og_description":"Hot Tiktoker Ti\u1ec3u Trinh, m\u1ed9t trong nh\u1eefng g\u01b0\u01a1ng m\u1eb7t \u0111\u01b0\u1ee3c y\u00eau th\u00edch tr\u00ean m\u1ea1ng x\u00e3 h\u1ed9i v\u1eeba khi\u1ebfn ng\u01b0\u1eddi h\u00e2m m\u1ed9 tr\u1ea7m tr\u1ed3 khi ti\u1ebft l\u1ed9 h\u00e0nh tr\u00ecnh n\u00e2ng m\u0169i t\u1ea1i","og_url":"https:\/\/benhvienthammykangnam.com.vn\/hoi-dap\/hanh-trinh-nang-mui-cua-hot-tiktoker-tieu-trinh-tai-benh-vien-tham-my-kangnam\/","og_site_name":"H\u1ecfi \u0111\u00e1p","article_modified_time":"2024-12-26T15:59:46+00:00","og_image":[{"width":1280,"height":720,"url":"https:\/\/benhvienthammykangnam.com.vn\/hoi-dap\/wp-content\/uploads\/2024\/12\/tieu-trinh-thumb.jpg","type":"image\/jpeg"}],"twitter_card":"summary_large_image","twitter_misc":{"Est. reading time":"5 minutes"},"schema":{"@context":"https:\/\/schema.org","@graph":[{"@type":"WebPage","@id":"https:\/\/benhvienthammykangnam.com.vn\/hoi-dap\/hanh-trinh-nang-mui-cua-hot-tiktoker-tieu-trinh-tai-benh-vien-tham-my-kangnam\/","url":"https:\/\/benhvienthammykangnam.com.vn\/hoi-dap\/hanh-trinh-nang-mui-cua-hot-tiktoker-tieu-trinh-tai-benh-vien-tham-my-kangnam\/","name":"H\u00e0nh tr\u00ecnh n\u00e2ng m\u0169i c\u1ee7a hot tiktoker Ti\u1ec3u Trinh t\u1ea1i B\u1ec7nh vi\u1ec7n Th\u1ea9m m\u1ef9 Kangnam - H\u1ecfi \u0111\u00e1p","isPartOf":{"@id":"https:\/\/benhvienthammykangnam.com.vn\/hoi-dap\/#website"},"primaryImageOfPage":{"@id":"https:\/\/benhvienthammykangnam.com.vn\/hoi-dap\/hanh-trinh-nang-mui-cua-hot-tiktoker-tieu-trinh-tai-benh-vien-tham-my-kangnam\/#primaryimage"},"image":{"@id":"https:\/\/benhvienthammykangnam.com.vn\/hoi-dap\/hanh-trinh-nang-mui-cua-hot-tiktoker-tieu-trinh-tai-benh-vien-tham-my-kangnam\/#primaryimage"},"thumbnailUrl":"https:\/\/benhvienthammykangnam.com.vn\/hoi-dap\/wp-content\/uploads\/2024\/12\/tieu-trinh-thumb.jpg","datePublished":"2024-12-25T08:52:04+00:00","dateModified":"2024-12-26T15:59:46+00:00","description":"Hot Tiktoker Ti\u1ec3u Trinh, m\u1ed9t trong nh\u1eefng g\u01b0\u01a1ng m\u1eb7t \u0111\u01b0\u1ee3c y\u00eau th\u00edch tr\u00ean m\u1ea1ng x\u00e3 h\u1ed9i v\u1eeba khi\u1ebfn ng\u01b0\u1eddi h\u00e2m m\u1ed9 tr\u1ea7m tr\u1ed3 khi ti\u1ebft l\u1ed9 h\u00e0nh tr\u00ecnh n\u00e2ng m\u0169i t\u1ea1i","breadcrumb":{"@id":"https:\/\/benhvienthammykangnam.com.vn\/hoi-dap\/hanh-trinh-nang-mui-cua-hot-tiktoker-tieu-trinh-tai-benh-vien-tham-my-kangnam\/#breadcrumb"},"inLanguage":"en-US","potentialAction":[{"@type":"ReadAction","target":["https:\/\/benhvienthammykangnam.com.vn\/hoi-dap\/hanh-trinh-nang-mui-cua-hot-tiktoker-tieu-trinh-tai-benh-vien-tham-my-kangnam\/"]}]},{"@type":"ImageObject","inLanguage":"en-US","@id":"https:\/\/benhvienthammykangnam.com.vn\/hoi-dap\/hanh-trinh-nang-mui-cua-hot-tiktoker-tieu-trinh-tai-benh-vien-tham-my-kangnam\/#primaryimage","url":"https:\/\/benhvienthammykangnam.com.vn\/hoi-dap\/wp-content\/uploads\/2024\/12\/tieu-trinh-thumb.jpg","contentUrl":"https:\/\/benhvienthammykangnam.com.vn\/hoi-dap\/wp-content\/uploads\/2024\/12\/tieu-trinh-thumb.jpg","width":1280,"height":720,"caption":"H\u00e0nh tr\u00ecnh n\u00e2ng m\u0169i c\u1ee7a hot tiktoker Ti\u1ec3u Trinh t\u1ea1i B\u1ec7nh vi\u1ec7n Th\u1ea9m m\u1ef9 Kangnam"},{"@type":"BreadcrumbList","@id":"https:\/\/benhvienthammykangnam.com.vn\/hoi-dap\/hanh-trinh-nang-mui-cua-hot-tiktoker-tieu-trinh-tai-benh-vien-tham-my-kangnam\/#breadcrumb","itemListElement":[{"@type":"ListItem","position":1,"name":"H\u1ecfi \u0111\u00e1p","item":"https:\/\/benhvienthammykangnam.com.vn\/hoi-dap\/"},{"@type":"ListItem","position":2,"name":"H\u00e0nh tr\u00ecnh n\u00e2ng m\u0169i c\u1ee7a hot tiktoker Ti\u1ec3u Trinh t\u1ea1i B\u1ec7nh vi\u1ec7n Th\u1ea9m m\u1ef9 Kangnam"}]},{"@type":"WebSite","@id":"https:\/\/benhvienthammykangnam.com.vn\/hoi-dap\/#website","url":"https:\/\/benhvienthammykangnam.com.vn\/hoi-dap\/","name":"H\u1ecfi \u0110\u00e1p chuy\u00ean gia th\u1ea9m m\u1ef9","description":"H\u1ecfi \u0110\u00e1p chuy\u00ean gia th\u1ea9m m\u1ef9","potentialAction":[{"@type":"SearchAction","target":{"@type":"EntryPoint","urlTemplate":"https:\/\/benhvienthammykangnam.com.vn\/hoi-dap\/?s={search_term_string}"},"query-input":{"@type":"PropertyValueSpecification","valueRequired":true,"valueName":"search_term_string"}}],"inLanguage":"en-US"}]}},"_links":{"self":[{"href":"https:\/\/benhvienthammykangnam.com.vn\/hoi-dap\/wp-json\/wp\/v2\/pages\/7143","targetHints":{"allow":["GET"]}}],"collection":[{"href":"https:\/\/benhvienthammykangnam.com.vn\/hoi-dap\/wp-json\/wp\/v2\/pages"}],"about":[{"href":"https:\/\/benhvienthammykangnam.com.vn\/hoi-dap\/wp-json\/wp\/v2\/types\/page"}],"author":[{"embeddable":true,"href":"https:\/\/benhvienthammykangnam.com.vn\/hoi-dap\/wp-json\/wp\/v2\/users\/3"}],"replies":[{"embeddable":true,"href":"https:\/\/benhvienthammykangnam.com.vn\/hoi-dap\/wp-json\/wp\/v2\/comments?post=7143"}],"version-history":[{"count":0,"href":"https:\/\/benhvienthammykangnam.com.vn\/hoi-dap\/wp-json\/wp\/v2\/pages\/7143\/revisions"}],"wp:featuredmedia":[{"embeddable":true,"href":"https:\/\/benhvienthammykangnam.com.vn\/hoi-dap\/wp-json\/wp\/v2\/media\/7331"}],"wp:attachment":[{"href":"https:\/\/benhvienthammykangnam.com.vn\/hoi-dap\/wp-json\/wp\/v2\/media?parent=7143"}],"curies":[{"name":"wp","href":"https:\/\/api.w.org\/{rel}","templated":true}]}}