{"id":7137,"date":"2024-12-25T08:50:01","date_gmt":"2024-12-25T08:50:01","guid":{"rendered":"https:\/\/benhvienthammykangnam.com.vn\/hoi-dap\/?page_id=7137"},"modified":"2024-12-25T16:27:16","modified_gmt":"2024-12-25T16:27:16","slug":"cau-chuyen-tim-lai-thanh-xuan-cua-nu-doanh-nhan-huong-quynh","status":"publish","type":"page","link":"https:\/\/benhvienthammykangnam.com.vn\/hoi-dap\/cau-chuyen-tim-lai-thanh-xuan-cua-nu-doanh-nhan-huong-quynh\/","title":{"rendered":"C\u00e2u chuy\u1ec7n t\u00ecm l\u1ea1i thanh xu\u00e2n c\u1ee7a n\u1eef doanh nh\u00e2n H\u01b0\u01a1ng Qu\u1ef3nh"},"content":{"rendered":"<p><em>C\u0169ng nh\u01b0 bao ng\u01b0\u1eddi kh\u00e1c, khi ch\u1ea1m ng\u01b0\u1ee1ng tu\u1ed5i 40, ch\u1ecb H\u01b0\u01a1ng Qu\u1ef3nh, n\u1eef doanh nh\u00e2n th\u00e0nh \u0111\u1ea1t t\u1ea1i S\u00e0i G\u00f2n b\u1eaft \u0111\u1ea7u c\u1ea3m nh\u1eadn r\u00f5 c\u00e1c d\u1ea5u hi\u1ec7u l\u00e3o h\u00f3a tr\u00ean khu\u00f4n m\u1eb7t. Nh\u1eefng n\u1ebfp nh\u0103n kh\u00f3e m\u1eaft, r\u00e3nh c\u01b0\u1eddi s\u00e2u v\u00e0 l\u00e0n da ch\u1ea3y x\u1ec7 khi\u1ebfn ch\u1ecb kh\u00f4ng kh\u1ecfi t\u1ef1 ti khi \u0111\u1ed1i di\u1ec7n kh\u00e1ch h\u00e0ng v\u00e0 b\u1ea1n b\u00e8.<\/em><\/p>\n<p>\u0110\u00e3 th\u1eed qua nhi\u1ec1u ph\u01b0\u01a1ng ph\u00e1p nh\u01b0 s\u1eed d\u1ee5ng m\u1ef9 ph\u1ea9m cao c\u1ea5p, ch\u0103m s\u00f3c da t\u1ea1i spa, tuy nhi\u00ean k\u1ebft qu\u1ea3 ch\u1ec9 \u1edf m\u1ee9c t\u1ea1m th\u1eddi v\u00e0 ch\u01b0a l\u00e0m ch\u1ecb h\u00e0i l\u00f2ng. Sau m\u1ed9t th\u1eddi gian t\u00ecm hi\u1ec3u, ch\u1ecb Qu\u1ef3nh quy\u1ebft \u0111\u1ecbnh \u0111\u1eb7t ni\u1ec1m tin v\u00e0o <a href=\"https:\/\/benhvienthammykangnam.com.vn\/\" target=\"_blank\">B\u1ec7nh vi\u1ec7n Th\u1ea9m m\u1ef9 Kangnam<\/a>, \u0111\u1ecba ch\u1ec9 uy t\u00edn trong l\u0129nh v\u1ef1c PTTM v\u00e0 tr\u1ebb h\u00f3a da.<\/p>\n<div>\n<dl id=\"attachment_7248\">\n<dt>\n<p><div style=\"width: 810px\" class=\"wp-caption aligncenter\"><img loading=\"lazy\" decoding=\"async\" src=\"https:\/\/benhvienthammykangnam.com.vn\/hoi-dap\/wp-content\/uploads\/2024\/12\/huong-quynh-cang-chi.jpg\" alt=\"T\u00ecnh tr\u1ea1ng da ch\u1ea3y x\u1ec7, nhi\u1ec1u n\u1ebfp nh\u0103n s\u00e2u c\u1ee7a ch\u1ecb H\u01b0\u01a1ng Qu\u1ef3nh\" width=\"800\" height=\"854\" \/><p class=\"wp-caption-text\">T\u00ecnh tr\u1ea1ng da ch\u1ea3y x\u1ec7, nhi\u1ec1u n\u1ebfp nh\u0103n s\u00e2u c\u1ee7a ch\u1ecb H\u01b0\u01a1ng Qu\u1ef3nh<\/p><\/div><\/dt>\n<\/dl>\n<\/div>\n<p>Ch\u1ecb Qu\u1ef3nh bi\u1ebft \u0111\u1ebfn Kangnam qua m\u1ed9t ng\u01b0\u1eddi b\u1ea1n th\u00e2n, sau \u0111\u00f3 ch\u1ecb nhanh ch\u00f3ng \u0111\u1eb7t l\u1ecbch h\u1eb9n t\u01b0 v\u1ea5n v\u1edbi b\u00e1c s\u0129 chuy\u00ean m\u00f4n. T\u1ea1i bu\u1ed5i th\u0103m kh\u00e1m, b\u00e1c s\u0129 Jihun Hu\u1ef3nh &#8211; Ph\u00f3 khoa Th\u1ea9m m\u1ef9 khu\u00f4n m\u1eb7t t\u1ea1i BVTM Kangnam S\u00e0i G\u00f2n tr\u1ef1c ti\u1ebfp \u0111\u00e1nh gi\u00e1 t\u00ecnh tr\u1ea1ng da c\u1ee7a ch\u1ecb, gi\u1ea3i th\u00edch chi ti\u1ebft v\u1ec1 nguy\u00ean nh\u00e2n l\u00e3o h\u00f3a v\u00e0 \u0111\u1ec1 xu\u1ea5t ph\u01b0\u01a1ng ph\u00e1p c\u0103ng ch\u1ec9 X-line, c\u00f4ng ngh\u1ec7 tr\u1ebb h\u00f3a da hi\u1ec7n \u0111\u1ea1i kh\u00f4ng c\u1ea7n \u201cdao k\u00e9o\u201d.<\/p>\n<div>\n<dl id=\"attachment_7249\">\n<dt>\n<p><div style=\"width: 810px\" class=\"wp-caption aligncenter\"><img loading=\"lazy\" decoding=\"async\" src=\"https:\/\/benhvienthammykangnam.com.vn\/hoi-dap\/wp-content\/uploads\/2024\/12\/kh-huong-quynh-cang-chi-3.jpg\" alt=\"B\u00e1c s\u0129 Jihun Hu\u1ef3nh th\u0103m kh\u00e1m v\u00e0 \u0111\u00e1nh gi\u00e1 t\u00ecnh tr\u1ea1ng da\" width=\"800\" height=\"918\" \/><p class=\"wp-caption-text\">B\u00e1c s\u0129 Jihun Hu\u1ef3nh th\u0103m kh\u00e1m v\u00e0 \u0111\u00e1nh gi\u00e1 t\u00ecnh tr\u1ea1ng da<\/p><\/div><\/dt>\n<\/dl>\n<\/div>\n<p>Theo b\u00e1c s\u0129 Jihun Hu\u1ef3nh, c\u0103ng ch\u1ec9 X-line kh\u00f4ng \u0111\u01a1n thu\u1ea7n l\u00e0 n\u00e2ng c\u01a1 m\u1eb7t v\u00e0 l\u00e0m m\u1edd n\u1ebfp nh\u0103n, m\u00e0 c\u00f2n k\u00edch th\u00edch t\u0103ng sinh collagen t\u1ef1 nhi\u00ean, gi\u00fap l\u00e0n da s\u0103n ch\u1eafc v\u00e0 r\u1ea1ng r\u1ee1 theo th\u1eddi gian. V\u1edbi nh\u1eefng \u01b0u \u0111i\u1ec3m v\u01b0\u1ee3t tr\u1ed9i nh\u01b0 \u0111\u1ed9 an to\u00e0n cao, kh\u00f4ng x\u00e2m l\u1ea5n v\u00e0 th\u1eddi gian h\u1ed3i ph\u1ee5c nhanh, ch\u1ecb Qu\u1ef3nh ho\u00e0n to\u00e0n tin t\u01b0\u1edfng v\u00e0 quy\u1ebft \u0111\u1ecbnh tr\u1ea3i nghi\u1ec7m ph\u01b0\u01a1ng ph\u00e1p n\u00e0y.<\/p>\n<p>To\u00e0n b\u1ed9 qu\u00e1 tr\u00ecnh c\u0103ng ch\u1ec9 X-line k\u00e9o d\u00e0i kho\u1ea3ng 45-60 ph\u00fat, th\u1ef1c hi\u1ec7n trong m\u00f4i tr\u01b0\u1eddng v\u00f4 tr\u00f9ng v\u1edbi s\u1ef1 h\u1ed7 tr\u1ee3 c\u1ee7a c\u00e1c trang thi\u1ebft b\u1ecb hi\u1ec7n \u0111\u1ea1i v\u00e0 k\u1ef9 thu\u1eadt ti\u00ean ti\u1ebfn. Tr\u01b0\u1edbc ti\u00ean, b\u00e1c s\u0129 nh\u1eb9 nh\u00e0ng l\u00e0m s\u1ea1ch da v\u00e0 \u1ee9ng d\u1ee5ng c\u00f4ng ngh\u1ec7 v\u00f4 c\u1ea3m \u0111a t\u1ea7ng \u0111\u1ec3 \u0111\u1ea3m b\u1ea3o ch\u1ecb kh\u00f4ng c\u1ea3m th\u1ea5y b\u1ea5t k\u1ef3 s\u1ef1 kh\u00f3 ch\u1ecbu n\u00e0o. Sau \u0111\u00f3, kh\u00e9o l\u00e9o c\u1ea5y t\u1eebng s\u1ee3i ch\u1ec9 X-line v\u00e0o l\u1edbp m\u00f4 d\u01b0\u1edbi da, gi\u00fap n\u00e2ng c\u01a1 v\u00e0 t\u00e1i \u0111\u1ecbnh h\u00ecnh khu\u00f4n m\u1eb7t t\u1ef1 nhi\u00ean.<\/p>\n<div>\n<dl id=\"attachment_7250\">\n<dt>\n<p><div style=\"width: 810px\" class=\"wp-caption aligncenter\"><img loading=\"lazy\" decoding=\"async\" src=\"https:\/\/benhvienthammykangnam.com.vn\/hoi-dap\/wp-content\/uploads\/2024\/12\/huong-quynh-cang-chi-2.jpg\" alt=\"Qu\u00e1 tr\u00ecnh c\u0103ng ch\u1ec9 X-line di\u1ec5n ra an to\u00e0n, nhanh g\u1ecdn\" width=\"800\" height=\"541\" \/><p class=\"wp-caption-text\">Qu\u00e1 tr\u00ecnh c\u0103ng ch\u1ec9 X-line di\u1ec5n ra an to\u00e0n, nhanh g\u1ecdn<\/p><\/div><\/dt>\n<\/dl>\n<\/div>\n<p>Ch\u1ecb Qu\u1ef3nh chia s\u1ebb: &#8220;Ban \u0111\u1ea7u t\u00f4i kh\u00e1 h\u1ed3i h\u1ed9p nh\u01b0ng khi b\u1eaft \u0111\u1ea7u li\u1ec7u tr\u00ecnh, m\u1ecdi th\u1ee9 di\u1ec5n ra r\u1ea5t nh\u1eb9 nh\u00e0ng. C\u00e1c b\u00e1c s\u0129 th\u1ef1c hi\u1ec7n k\u1ef9 thu\u1eadt chuy\u00ean nghi\u1ec7p, lu\u00f4n gi\u1ea3i th\u00edch chi ti\u1ebft t\u1eebng b\u01b0\u1edbc n\u00ean t\u00f4i c\u1ea3m th\u1ea5y an t\u00e2m h\u01a1n.&#8221;<\/p>\n<p>Sau c\u0103ng ch\u1ec9, g\u01b0\u01a1ng m\u1eb7t ch\u1ecb Qu\u1ef3nh c\u00f3 s\u1ef1 thay \u0111\u1ed5i r\u00f5, c\u00e1c v\u00f9ng da ch\u1ea3y x\u1ec7 \u0111\u00e3 n\u00e2ng l\u00ean \u0111\u00e1ng k\u1ec3 v\u00e0 l\u00e0n da tr\u1edf n\u00ean s\u0103n ch\u1eafc, c\u0103ng m\u1ecbn h\u01a1n. &#8220;T\u00f4i kh\u00f4ng tin \u0111\u01b0\u1ee3c l\u00e0 hi\u1ec7u qu\u1ea3 l\u1ea1i r\u00f5 v\u00e0 nhanh nh\u01b0 v\u1eady. Nh\u00ecn m\u00ecnh trong g\u01b0\u01a1ng, t\u00f4i c\u00f3 c\u1ea3m gi\u00e1c nh\u01b0 v\u1eeba quay ng\u01b0\u1ee3c th\u1eddi gian, tr\u1ebb ra c\u1ea3 ch\u1ee5c tu\u1ed5i. B\u1ea1n b\u00e8, \u0111\u1ed3ng nghi\u1ec7p ai c\u0169ng b\u1ea5t ng\u1edd v\u00e0 d\u00e0nh nhi\u1ec1u l\u1eddi khen ng\u1ee3i khi\u1ebfn t\u00f4i th\u1ea5y r\u1ea5t t\u1ef1 tin&#8221;, ch\u1ecb Qu\u1ef3nh chia s\u1ebb.<\/p>\n<div>\n<dl id=\"attachment_7251\">\n<dt>\n<p><div style=\"width: 810px\" class=\"wp-caption aligncenter\"><img loading=\"lazy\" decoding=\"async\" src=\"https:\/\/benhvienthammykangnam.com.vn\/hoi-dap\/wp-content\/uploads\/2024\/12\/huong-quynh-cang-chi-beauty.jpg\" alt=\"Ch\u1ecb H\u01b0\u01a1ng Qu\u1ef3nh sau c\u0103ng ch\u1ec9 X-line, da c\u0103ng m\u1ecbn, kh\u00f4ng c\u00f2n d\u1ea5u hi\u1ec7u l\u00e3o h\u00f3a\" width=\"800\" height=\"969\" \/><p class=\"wp-caption-text\">Ch\u1ecb H\u01b0\u01a1ng Qu\u1ef3nh sau c\u0103ng ch\u1ec9 X-line, da c\u0103ng m\u1ecbn, kh\u00f4ng c\u00f2n d\u1ea5u hi\u1ec7u l\u00e3o h\u00f3a<\/p><\/div><\/dt>\n<\/dl>\n<\/div>\n<p>Ch\u1ecb c\u0169ng t\u00e2m s\u1ef1 r\u1eb1ng, sau khi tr\u1ebb h\u00f3a b\u1eb1ng ph\u01b0\u01a1ng ph\u00e1p c\u0103ng ch\u1ec9 X-line, ch\u1ecb kh\u00f4ng ch\u1ec9 thay \u0111\u1ed5i di\u1ec7n m\u1ea1o \u0111\u1eb9p h\u01a1n m\u00e0 tinh th\u1ea7n c\u0169ng t\u00edch c\u1ef1c v\u00e0 l\u1ea1c h\u01a1n quan. &#8220;L\u00e0 ph\u1ee5 n\u1eef, ch\u00fang ta x\u1ee9ng \u0111\u00e1ng \u0111\u01b0\u1ee3c y\u00eau th\u01b0\u01a1ng v\u00e0 ch\u0103m s\u00f3c b\u1ea3n th\u00e2n. \u0110\u1eebng ng\u1ea7n ng\u1ea1i t\u00ecm ki\u1ebfm nh\u1eefng gi\u1ea3i ph\u00e1p l\u00e0m \u0111\u1eb9p hi\u1ec7n \u0111\u1ea1i \u0111\u1ec3 tr\u1edf th\u00e0nh phi\u00ean b\u1ea3n t\u1ed1t nh\u1ea5t c\u1ee7a ch\u00ednh m\u00ecnh.&#8221; ch\u1ecb Qu\u1ef3nh chia s\u1ebb th\u00eam.<\/p>\n<div>\n<dl id=\"attachment_7253\">\n<dt>\n<p><div style=\"width: 810px\" class=\"wp-caption aligncenter\"><img loading=\"lazy\" decoding=\"async\" src=\"https:\/\/benhvienthammykangnam.com.vn\/hoi-dap\/wp-content\/uploads\/2024\/12\/anh-ba-huong-quynh.jpg\" alt=\"S\u1ef1 thay \u0111\u1ed5i ngo\u1ea1n m\u1ee5c c\u1ee7a doanh nh\u00e2n H\u01b0\u01a1ng Qu\u1ef3nh tr\u01b0\u1edbc v\u00e0 sau khi c\u0103ng ch\u1ec9 X-line\" width=\"800\" height=\"534\" \/><p class=\"wp-caption-text\">S\u1ef1 thay \u0111\u1ed5i ngo\u1ea1n m\u1ee5c c\u1ee7a doanh nh\u00e2n H\u01b0\u01a1ng Qu\u1ef3nh tr\u01b0\u1edbc v\u00e0 sau khi c\u0103ng ch\u1ec9 X-line<\/p><\/div><\/dt>\n<\/dl>\n<\/div>\n<p>V\u1edbi s\u1ef1 h\u1ed7 tr\u1ee3 t\u1eeb \u0111\u1ed9i ng\u0169 b\u00e1c s\u0129 gi\u00e0u kinh nghi\u1ec7m v\u00e0 c\u00f4ng ngh\u1ec7 tr\u1ebb h\u00f3a da hi\u1ec7n \u0111\u1ea1i t\u1ea1i <a href=\"https:\/\/benhvienthammykangnam.com.vn\/hoi-dap\/danh-sach-benh-vien-tham-my-uy-tin\/\">B\u1ec7nh vi\u1ec7n Th\u1ea9m m\u1ef9<\/a> Kangnam, ch\u1ecb Qu\u1ef3nh kh\u00f4ng ch\u1ec9 t\u00ecm l\u1ea1i di\u1ec7n m\u1ea1o t\u01b0\u01a1i tr\u1ebb, r\u1ea1ng r\u1ee1 m\u00e0 c\u00f2n kh\u01a1i d\u1eady ngu\u1ed3n n\u0103ng l\u01b0\u1ee3ng t\u00edch c\u1ef1c trong cu\u1ed9c s\u1ed1ng. \u0110\u00e2y c\u0169ng l\u00e0 l\u1eddi nh\u1eafn g\u1eedi \u0111\u1ea7y \u00fd ngh\u0129a r\u1eb1ng vi\u1ec7c ch\u0103m s\u00f3c b\u1ea3n th\u00e2n kh\u00f4ng ch\u1ec9 d\u1eebng l\u1ea1i \u1edf v\u1ebb b\u1ec1 ngo\u00e0i m\u00e0 c\u00f2n g\u00f3p ph\u1ea7n n\u00e2ng t\u1ea7m ch\u1ea5t l\u01b0\u1ee3ng cu\u1ed9c s\u1ed1ng c\u1ee7a m\u1ed7i ng\u01b0\u1eddi.<\/p>\n","protected":false},"excerpt":{"rendered":"<p>C\u0169ng nh\u01b0 bao ng\u01b0\u1eddi kh\u00e1c, khi ch\u1ea1m ng\u01b0\u1ee1ng tu\u1ed5i 40, ch\u1ecb H\u01b0\u01a1ng Qu\u1ef3nh, n\u1eef doanh nh\u00e2n th\u00e0nh \u0111\u1ea1t t\u1ea1i S\u00e0i G\u00f2n b\u1eaft \u0111\u1ea7u c\u1ea3m nh\u1eadn r\u00f5 c\u00e1c d\u1ea5u hi\u1ec7u l\u00e3o h\u00f3a tr\u00ean khu\u00f4n m\u1eb7t. Nh\u1eefng n\u1ebfp nh\u0103n kh\u00f3e m\u1eaft, r\u00e3nh c\u01b0\u1eddi s\u00e2u v\u00e0 l\u00e0n da ch\u1ea3y x\u1ec7 khi\u1ebfn ch\u1ecb kh\u00f4ng kh\u1ecfi t\u1ef1 ti khi \u0111\u1ed1i &#8230;<\/p>\n","protected":false},"author":3,"featured_media":7256,"parent":0,"menu_order":0,"comment_status":"closed","ping_status":"closed","template":"","meta":{"_acf_changed":false,"_glsr_average":0,"_glsr_ranking":0,"_glsr_reviews":0,"footnotes":""},"class_list":["post-7137","page","type-page","status-publish","has-post-thumbnail","hentry"],"acf":{"group_admin_control":"","group_admin":"default","group_page_field":{"":null,"header_custom":null,"body_custom":null,"sidebar_custom":null,"site_custom":null}},"yoast_head":"<title>C\u00e2u chuy\u1ec7n t\u00ecm l\u1ea1i thanh xu\u00e2n c\u1ee7a n\u1eef doanh nh\u00e2n H\u01b0\u01a1ng Qu\u1ef3nh - H\u1ecfi \u0111\u00e1p<\/title>\n<meta name=\"description\" content=\"C\u0169ng nh\u01b0 bao ng\u01b0\u1eddi kh\u00e1c, khi ch\u1ea1m ng\u01b0\u1ee1ng tu\u1ed5i 40, ch\u1ecb H\u01b0\u01a1ng Qu\u1ef3nh, n\u1eef doanh nh\u00e2n th\u00e0nh \u0111\u1ea1t t\u1ea1i S\u00e0i G\u00f2n b\u1eaft \u0111\u1ea7u c\u1ea3m nh\u1eadn r\u00f5 c\u00e1c d\u1ea5u hi\u1ec7u\" \/>\n<meta name=\"robots\" content=\"index, follow, max-snippet:-1, max-image-preview:large, max-video-preview:-1\" \/>\n<link rel=\"canonical\" href=\"https:\/\/benhvienthammykangnam.com.vn\/hoi-dap\/cau-chuyen-tim-lai-thanh-xuan-cua-nu-doanh-nhan-huong-quynh\/\" \/>\n<meta property=\"og:locale\" content=\"en_US\" \/>\n<meta property=\"og:type\" content=\"article\" \/>\n<meta property=\"og:title\" content=\"C\u00e2u chuy\u1ec7n t\u00ecm l\u1ea1i thanh xu\u00e2n c\u1ee7a n\u1eef doanh nh\u00e2n H\u01b0\u01a1ng Qu\u1ef3nh - H\u1ecfi \u0111\u00e1p\" \/>\n<meta property=\"og:description\" content=\"C\u0169ng nh\u01b0 bao ng\u01b0\u1eddi kh\u00e1c, khi ch\u1ea1m ng\u01b0\u1ee1ng tu\u1ed5i 40, ch\u1ecb H\u01b0\u01a1ng Qu\u1ef3nh, n\u1eef doanh nh\u00e2n th\u00e0nh \u0111\u1ea1t t\u1ea1i S\u00e0i G\u00f2n b\u1eaft \u0111\u1ea7u c\u1ea3m nh\u1eadn r\u00f5 c\u00e1c d\u1ea5u hi\u1ec7u\" \/>\n<meta property=\"og:url\" content=\"https:\/\/benhvienthammykangnam.com.vn\/hoi-dap\/cau-chuyen-tim-lai-thanh-xuan-cua-nu-doanh-nhan-huong-quynh\/\" \/>\n<meta property=\"og:site_name\" content=\"H\u1ecfi \u0111\u00e1p\" \/>\n<meta property=\"article:modified_time\" content=\"2024-12-25T16:27:16+00:00\" \/>\n<meta property=\"og:image\" content=\"https:\/\/benhvienthammykangnam.com.vn\/hoi-dap\/wp-content\/uploads\/2024\/12\/thumb-huong-quynh-cang-chi.jpg\" \/>\n\t<meta property=\"og:image:width\" content=\"1280\" \/>\n\t<meta property=\"og:image:height\" content=\"720\" \/>\n\t<meta property=\"og:image:type\" content=\"image\/jpeg\" \/>\n<meta name=\"twitter:card\" content=\"summary_large_image\" \/>\n<meta name=\"twitter:label1\" content=\"Est. reading time\" \/>\n\t<meta name=\"twitter:data1\" content=\"6 minutes\" \/>","yoast_head_json":{"title":"C\u00e2u chuy\u1ec7n t\u00ecm l\u1ea1i thanh xu\u00e2n c\u1ee7a n\u1eef doanh nh\u00e2n H\u01b0\u01a1ng Qu\u1ef3nh - H\u1ecfi \u0111\u00e1p","description":"C\u0169ng nh\u01b0 bao ng\u01b0\u1eddi kh\u00e1c, khi ch\u1ea1m ng\u01b0\u1ee1ng tu\u1ed5i 40, ch\u1ecb H\u01b0\u01a1ng Qu\u1ef3nh, n\u1eef doanh nh\u00e2n th\u00e0nh \u0111\u1ea1t t\u1ea1i S\u00e0i G\u00f2n b\u1eaft \u0111\u1ea7u c\u1ea3m nh\u1eadn r\u00f5 c\u00e1c d\u1ea5u hi\u1ec7u","robots":{"index":"index","follow":"follow","max-snippet":"max-snippet:-1","max-image-preview":"max-image-preview:large","max-video-preview":"max-video-preview:-1"},"canonical":"https:\/\/benhvienthammykangnam.com.vn\/hoi-dap\/cau-chuyen-tim-lai-thanh-xuan-cua-nu-doanh-nhan-huong-quynh\/","og_locale":"en_US","og_type":"article","og_title":"C\u00e2u chuy\u1ec7n t\u00ecm l\u1ea1i thanh xu\u00e2n c\u1ee7a n\u1eef doanh nh\u00e2n H\u01b0\u01a1ng Qu\u1ef3nh - H\u1ecfi \u0111\u00e1p","og_description":"C\u0169ng nh\u01b0 bao ng\u01b0\u1eddi kh\u00e1c, khi ch\u1ea1m ng\u01b0\u1ee1ng tu\u1ed5i 40, ch\u1ecb H\u01b0\u01a1ng Qu\u1ef3nh, n\u1eef doanh nh\u00e2n th\u00e0nh \u0111\u1ea1t t\u1ea1i S\u00e0i G\u00f2n b\u1eaft \u0111\u1ea7u c\u1ea3m nh\u1eadn r\u00f5 c\u00e1c d\u1ea5u hi\u1ec7u","og_url":"https:\/\/benhvienthammykangnam.com.vn\/hoi-dap\/cau-chuyen-tim-lai-thanh-xuan-cua-nu-doanh-nhan-huong-quynh\/","og_site_name":"H\u1ecfi \u0111\u00e1p","article_modified_time":"2024-12-25T16:27:16+00:00","og_image":[{"width":1280,"height":720,"url":"https:\/\/benhvienthammykangnam.com.vn\/hoi-dap\/wp-content\/uploads\/2024\/12\/thumb-huong-quynh-cang-chi.jpg","type":"image\/jpeg"}],"twitter_card":"summary_large_image","twitter_misc":{"Est. reading time":"6 minutes"},"schema":{"@context":"https:\/\/schema.org","@graph":[{"@type":"WebPage","@id":"https:\/\/benhvienthammykangnam.com.vn\/hoi-dap\/cau-chuyen-tim-lai-thanh-xuan-cua-nu-doanh-nhan-huong-quynh\/","url":"https:\/\/benhvienthammykangnam.com.vn\/hoi-dap\/cau-chuyen-tim-lai-thanh-xuan-cua-nu-doanh-nhan-huong-quynh\/","name":"C\u00e2u chuy\u1ec7n t\u00ecm l\u1ea1i thanh xu\u00e2n c\u1ee7a n\u1eef doanh nh\u00e2n H\u01b0\u01a1ng Qu\u1ef3nh - H\u1ecfi \u0111\u00e1p","isPartOf":{"@id":"https:\/\/benhvienthammykangnam.com.vn\/hoi-dap\/#website"},"primaryImageOfPage":{"@id":"https:\/\/benhvienthammykangnam.com.vn\/hoi-dap\/cau-chuyen-tim-lai-thanh-xuan-cua-nu-doanh-nhan-huong-quynh\/#primaryimage"},"image":{"@id":"https:\/\/benhvienthammykangnam.com.vn\/hoi-dap\/cau-chuyen-tim-lai-thanh-xuan-cua-nu-doanh-nhan-huong-quynh\/#primaryimage"},"thumbnailUrl":"https:\/\/benhvienthammykangnam.com.vn\/hoi-dap\/wp-content\/uploads\/2024\/12\/thumb-huong-quynh-cang-chi.jpg","datePublished":"2024-12-25T08:50:01+00:00","dateModified":"2024-12-25T16:27:16+00:00","description":"C\u0169ng nh\u01b0 bao ng\u01b0\u1eddi kh\u00e1c, khi ch\u1ea1m ng\u01b0\u1ee1ng tu\u1ed5i 40, ch\u1ecb H\u01b0\u01a1ng Qu\u1ef3nh, n\u1eef doanh nh\u00e2n th\u00e0nh \u0111\u1ea1t t\u1ea1i S\u00e0i G\u00f2n b\u1eaft \u0111\u1ea7u c\u1ea3m nh\u1eadn r\u00f5 c\u00e1c d\u1ea5u hi\u1ec7u","breadcrumb":{"@id":"https:\/\/benhvienthammykangnam.com.vn\/hoi-dap\/cau-chuyen-tim-lai-thanh-xuan-cua-nu-doanh-nhan-huong-quynh\/#breadcrumb"},"inLanguage":"en-US","potentialAction":[{"@type":"ReadAction","target":["https:\/\/benhvienthammykangnam.com.vn\/hoi-dap\/cau-chuyen-tim-lai-thanh-xuan-cua-nu-doanh-nhan-huong-quynh\/"]}]},{"@type":"ImageObject","inLanguage":"en-US","@id":"https:\/\/benhvienthammykangnam.com.vn\/hoi-dap\/cau-chuyen-tim-lai-thanh-xuan-cua-nu-doanh-nhan-huong-quynh\/#primaryimage","url":"https:\/\/benhvienthammykangnam.com.vn\/hoi-dap\/wp-content\/uploads\/2024\/12\/thumb-huong-quynh-cang-chi.jpg","contentUrl":"https:\/\/benhvienthammykangnam.com.vn\/hoi-dap\/wp-content\/uploads\/2024\/12\/thumb-huong-quynh-cang-chi.jpg","width":1280,"height":720,"caption":"C\u00e2u chuy\u1ec7n t\u00ecm l\u1ea1i thanh xu\u00e2n c\u1ee7a n\u1eef doanh nh\u00e2n H\u01b0\u01a1ng Qu\u1ef3nh"},{"@type":"BreadcrumbList","@id":"https:\/\/benhvienthammykangnam.com.vn\/hoi-dap\/cau-chuyen-tim-lai-thanh-xuan-cua-nu-doanh-nhan-huong-quynh\/#breadcrumb","itemListElement":[{"@type":"ListItem","position":1,"name":"H\u1ecfi \u0111\u00e1p","item":"https:\/\/benhvienthammykangnam.com.vn\/hoi-dap\/"},{"@type":"ListItem","position":2,"name":"C\u00e2u chuy\u1ec7n t\u00ecm l\u1ea1i thanh xu\u00e2n c\u1ee7a n\u1eef doanh nh\u00e2n H\u01b0\u01a1ng Qu\u1ef3nh"}]},{"@type":"WebSite","@id":"https:\/\/benhvienthammykangnam.com.vn\/hoi-dap\/#website","url":"https:\/\/benhvienthammykangnam.com.vn\/hoi-dap\/","name":"H\u1ecfi \u0110\u00e1p chuy\u00ean gia th\u1ea9m m\u1ef9","description":"H\u1ecfi \u0110\u00e1p chuy\u00ean gia th\u1ea9m m\u1ef9","potentialAction":[{"@type":"SearchAction","target":{"@type":"EntryPoint","urlTemplate":"https:\/\/benhvienthammykangnam.com.vn\/hoi-dap\/?s={search_term_string}"},"query-input":{"@type":"PropertyValueSpecification","valueRequired":true,"valueName":"search_term_string"}}],"inLanguage":"en-US"}]}},"_links":{"self":[{"href":"https:\/\/benhvienthammykangnam.com.vn\/hoi-dap\/wp-json\/wp\/v2\/pages\/7137","targetHints":{"allow":["GET"]}}],"collection":[{"href":"https:\/\/benhvienthammykangnam.com.vn\/hoi-dap\/wp-json\/wp\/v2\/pages"}],"about":[{"href":"https:\/\/benhvienthammykangnam.com.vn\/hoi-dap\/wp-json\/wp\/v2\/types\/page"}],"author":[{"embeddable":true,"href":"https:\/\/benhvienthammykangnam.com.vn\/hoi-dap\/wp-json\/wp\/v2\/users\/3"}],"replies":[{"embeddable":true,"href":"https:\/\/benhvienthammykangnam.com.vn\/hoi-dap\/wp-json\/wp\/v2\/comments?post=7137"}],"version-history":[{"count":0,"href":"https:\/\/benhvienthammykangnam.com.vn\/hoi-dap\/wp-json\/wp\/v2\/pages\/7137\/revisions"}],"wp:featuredmedia":[{"embeddable":true,"href":"https:\/\/benhvienthammykangnam.com.vn\/hoi-dap\/wp-json\/wp\/v2\/media\/7256"}],"wp:attachment":[{"href":"https:\/\/benhvienthammykangnam.com.vn\/hoi-dap\/wp-json\/wp\/v2\/media?parent=7137"}],"curies":[{"name":"wp","href":"https:\/\/api.w.org\/{rel}","templated":true}]}}