{"id":7135,"date":"2024-12-25T08:49:11","date_gmt":"2024-12-25T08:49:11","guid":{"rendered":"https:\/\/benhvienthammykangnam.com.vn\/hoi-dap\/?page_id=7135"},"modified":"2024-12-25T16:33:35","modified_gmt":"2024-12-25T16:33:35","slug":"hanh-trinh-lot-xac-cua-thu-huong-co-nang-mat-lom","status":"publish","type":"page","link":"https:\/\/benhvienthammykangnam.com.vn\/hoi-dap\/hanh-trinh-lot-xac-cua-thu-huong-co-nang-mat-lom\/","title":{"rendered":"H\u00e0nh tr\u00ecnh \u201cl\u1ed9t x\u00e1c\u201d c\u1ee7a Thu H\u01b0\u1eddng &#8211; c\u00f4 n\u00e0ng m\u1eb7t l\u00f5m"},"content":{"rendered":"<p><em>G\u1ea7n 20 n\u0103m s\u1ed1ng chung v\u1edbi g\u01b0\u01a1ng m\u1eb7t l\u00f5m h\u00f3p do di ch\u1ee9ng c\u1ee7a u x\u01b0\u01a1ng h\u00e0m, Thu H\u01b0\u1eddng kh\u00f4ng ngh\u0129 \u0111\u1ebfn vi\u1ec7c m\u1ed9t ng\u00e0y m\u00ecnh \u0111\u01b0\u1ee3c \u201cl\u1ed9t x\u00e1c\u201d ngo\u1ea1n m\u1ee5c v\u1edbi khu\u00f4n m\u1eb7t c\u00e2n \u0111\u1ed1i, h\u00e0i h\u00f2a.<\/em><\/p>\n<h2>Khu\u00f4n m\u1eb7t l\u00f5m h\u00f3p &#8211; N\u1ed7i t\u1ef1 ti \u0111eo b\u00e1m nhi\u1ec1u n\u0103m<\/h2>\n<p>Ch\u1ec9 m\u1edbi 3 tu\u1ed5i, Thu H\u01b0\u01a1ng \u0111\u00e3 b\u1ecb ch\u1ea9n \u0111o\u00e1n m\u1eafc u x\u01b0\u01a1ng h\u00e0m \u00e1c t\u00ednh n\u00ean ba m\u1eb9 c\u00f4 quy\u1ebft \u0111\u1ecbnh kh\u00f4ng ph\u1eabu thu\u1eadt v\u00ec e ng\u1ea1i \u201cb\u1ecb K m\u00e0 m\u1ed5 x\u1ebb s\u1ebd nguy hi\u1ec3m \u0111\u1ebfn t\u00ednh m\u1ea1ng\u201d. M\u00e3i \u0111\u1ebfn khi 6 tu\u1ed5i, c\u00e1c b\u00e1c s\u0129 ch\u1ea9n \u0111o\u00e1n Thu H\u01b0\u1eddng u l\u00e0nh t\u00ednh v\u00e0 ti\u1ebfn h\u00e0nh c\u1eaft b\u1ecf. Tuy nhi\u00ean, di ch\u1ee9ng \u0111\u1ec3 l\u1ea1i l\u00e0 v\u00f9ng m\u1eb7t b\u1ecb teo l\u00e9p, x\u01a1 c\u1ee9ng v\u00e0 bi\u1ebfn d\u1ea1ng khu\u00f4n m\u1eb7t.<\/p>\n<div id=\"attachment_7239\" style=\"width: 810px\" class=\"wp-caption aligncenter\"><img loading=\"lazy\" decoding=\"async\" aria-describedby=\"caption-attachment-7239\" class=\"size-full wp-image-7239\" src=\"https:\/\/benhvienthammykangnam.com.vn\/hoi-dap\/wp-content\/uploads\/2024\/12\/thu-huong-3.jpg\" alt=\"G\u01b0\u01a1ng m\u1eb7t l\u00f5m h\u00f3p c\u1ee7a Thu H\u01b0\u1eddng tr\u01b0\u1edbc khi ph\u1eabu thu\u1eadt\" width=\"800\" height=\"534\" \/><p id=\"caption-attachment-7239\" class=\"wp-caption-text\">G\u01b0\u01a1ng m\u1eb7t l\u00f5m h\u00f3p c\u1ee7a Thu H\u01b0\u1eddng tr\u01b0\u1edbc khi ph\u1eabu thu\u1eadt<\/p><\/div>\n<p>Ngay t\u1eeb nh\u1ecf, Thu H\u01b0\u1eddng \u0111\u00e3 s\u1ed1ng v\u1edbi khu\u00f4n m\u1eb7t kh\u00f4ng c\u00e2n \u0111\u1ed1i: v\u00f9ng m\u00e1 b\u1ecb l\u00f5m s\u00e2u, x\u01b0\u01a1ng h\u00e0m d\u01b0\u1edbi nh\u00f4 ra ngo\u00e0i v\u00e0 c\u1ea5u tr\u00fac g\u01b0\u01a1ng m\u1eb7t l\u1ec7ch r\u00f5 r\u1ec7t. \u0110i\u1ec1u n\u00e0y kh\u00f4ng ch\u1ec9 \u1ea3nh h\u01b0\u1edfng \u0111\u1ebfn ngo\u1ea1i h\u00ecnh m\u00e0 c\u00f2n khi\u1ebfn H\u01b0\u1eddng g\u1eb7p kh\u00f3 kh\u0103n trong \u0103n u\u1ed1ng v\u00e0 giao ti\u1ebfp.<\/p>\n<p>D\u00f9 c\u1ed1 g\u1eafng suy ngh\u0129 t\u00edch c\u1ef1c, H\u01b0\u1eddng v\u1eabn kh\u00f4ng th\u1ec3 tr\u00e1nh kh\u1ecfi \u00e1nh nh\u00ecn soi m\u00f3i, nh\u1eefng l\u1eddi tr\u00eau ch\u1ecdc v\u00f4 \u00fd t\u1eeb m\u1ecdi ng\u01b0\u1eddi xung quanh. T\u1ef1 ti v\u1ec1 b\u1ea3n th\u00e2n, c\u00f4 thu m\u00ecnh l\u1ea1i, ng\u1ea1i ti\u1ebfp x\u00fac v\u1edbi ng\u01b0\u1eddi kh\u00e1c v\u00e0 b\u1ecf l\u1ee1 nhi\u1ec1u c\u01a1 h\u1ed9i trong c\u00f4ng vi\u1ec7c l\u1eabn cu\u1ed9c s\u1ed1ng.<\/p>\n<h2>Quy\u1ebft \u0111\u1ecbnh thay \u0111\u1ed5i cu\u1ed9c \u0111\u1eddi: Ph\u1eabu thu\u1eadt th\u1ea9m m\u1ef9 \u0111\u1ec3 thay \u0111\u1ed5i ngo\u1ea1i h\u00ecnh<\/h2>\n<p>V\u1ed1n y\u00eau th\u00edch ch\u01b0\u01a1ng tr\u00ecnh \u201cH\u00e0nh tr\u00ecnh L\u1ed9t x\u00e1c\u201d n\u00ean Thu H\u01b0\u1eddng quy\u1ebft \u0111\u1ecbnh t\u00ecm \u0111\u1ebfn <a href=\"https:\/\/benhvienthammykangnam.com.vn\/\" target=\"_blank\">b\u1ec7nh vi\u1ec7n th\u1ea9m m\u1ef9 Kangnam<\/a> v\u1edbi hy v\u1ecdng c\u1ea3i thi\u1ec7n g\u01b0\u01a1ng m\u1eb7t \u0111\u1ec3 c\u00f3 cu\u1ed9c s\u1ed1ng d\u1ec5 d\u00e0ng h\u01a1n. Sau khi th\u0103m kh\u00e1m, Ti\u1ebfn s\u0129.BS <a href=\"https:\/\/benhvienthammykangnam.com.vn\/hoi-dap\/doi-ngu-bac-si\/richard-huy\/\">Richard Huy<\/a> cho bi\u1ebft: \u201c<em>\u0110\u00e2y l\u00e0 tr\u01b0\u1eddng h\u1ee3p t\u01b0\u01a1ng \u0111\u1ed1i kh\u00f3 v\u00e0 ph\u1ee9c t\u1ea1p do kh\u1ed1i u \u0111\u00e3 \u0111\u01b0\u1ee3c c\u1eaft b\u1ecf l\u00e0m bi\u1ebfn d\u1ea1ng x\u01b0\u01a1ng h\u00e0m n\u00ean vi\u1ec7c ph\u1eabu thu\u1eadt r\u1ea5t th\u00e1ch th\u1ee9c. Tr\u01b0\u1edbc khi ti\u1ebfn h\u00e0nh ph\u1eabu thu\u1eadt, h\u1ed9i \u0111\u1ed3ng b\u00e1c s\u0129 \u0111\u00e3 h\u1ed9i ch\u1ea9n 2 l\u1ea7n \u0111\u1ec3 \u0111\u01b0a ra ph\u01b0\u01a1ng \u00e1n t\u1ed1t nh\u1ea5t v\u1edbi hy v\u1ecdng kh\u1eafc ph\u1ee5c \u0111\u01b0\u1ee3c 70% khuy\u1ebft \u0111i\u1ec3m tr\u00ean g\u01b0\u01a1ng m\u1eb7t c\u1ee7a H\u01b0\u1eddng<\/em>\u201d.<\/p>\n<div id=\"attachment_7242\" style=\"width: 810px\" class=\"wp-caption aligncenter\"><img loading=\"lazy\" decoding=\"async\" aria-describedby=\"caption-attachment-7242\" class=\"size-full wp-image-7242\" src=\"https:\/\/benhvienthammykangnam.com.vn\/hoi-dap\/wp-content\/uploads\/2024\/12\/thu-huong-2.jpg\" alt=\"TS.BS Richard Huy tr\u1ef1c ti\u1ebfp th\u0103m kh\u00e1m v\u00e0 ph\u1eabu thu\u1eadt cho Thu H\u01b0\u1eddng\" width=\"800\" height=\"450\" \/><p id=\"caption-attachment-7242\" class=\"wp-caption-text\">TS.BS Richard Huy tr\u1ef1c ti\u1ebfp th\u0103m kh\u00e1m v\u00e0 ph\u1eabu thu\u1eadt cho Thu H\u01b0\u1eddng<\/p><\/div>\n<p>Thu H\u01b0\u1eddng ph\u1ea3i tr\u1ea3i qua t\u1ea5t c\u1ea3 4 ca ph\u1eabu thu\u1eadt l\u1edbn \u0111\u1ec3 kh\u1eafc ph\u1ee5c t\u00ecnh tr\u1ea1ng, bao g\u1ed3m:<\/p>\n<p>&#8211; <strong>Gh\u00e9p m\u1ee1 trung b\u00ec<\/strong>: Chuy\u1ec3n m\u1ed9t v\u1ea1t da \u1edf ph\u00eda tr\u00ean \u0111\u1ea7u xu\u1ed1ng v\u00f9ng khuy\u1ebft l\u00f5m, l\u1ea5y m\u1ee1 trung b\u00ec t\u1eeb n\u1ebfp l\u1eb1n m\u00f4ng b\u1ed5 sung ph\u1ea7n m\u1eb7t khuy\u1ebft thi\u1ebfu.<\/p>\n<p>&#8211; <strong>C\u1ea5y m\u1ee1 m\u1eb7t t\u1ef1 th\u00e2n<\/strong> \u0111\u1ec3 l\u00e0m \u0111\u1ea7y ph\u1ea7n l\u00f5m h\u00f3p v\u00e0 nu\u00f4i s\u1ed1ng v\u1ea1t trung b\u00ec m\u1ee1.<\/p>\n<p>&#8211; <strong>Ch\u1ec9nh h\u00e0m l\u1ec7ch v\u00e0 gh\u00e9p x\u01b0\u01a1ng<\/strong>: C\u1eaft b\u1ecf to\u00e0n b\u1ed9 b\u1edd d\u01b0\u1edbi x\u01b0\u01a1ng h\u00e0m v\u00e0 ph\u1ea7n c\u1eb1m \u0111\u1ec3 di chuy\u1ec3n t\u1eeb b\u00ean tr\u00e1i sang b\u00ean ph\u1ea3i. Sau \u0111\u00f3, gh\u00e9p x\u01b0\u01a1ng ch\u1eadu b\u1edd h\u00e0m \u0111\u1ec3 kh\u00f4i ph\u1ee5c ph\u1ea7n m\u1eb7t bi\u1ebfn d\u1ea1ng cho Thu H\u01b0\u1eddng. Cu\u1ed1i c\u00f9ng ti\u1ebfn h\u00e0nh gh\u00e9p m\u1ee1 \u0111\u1ec3 ph\u1ea7n h\u00e0m \u0111\u01b0\u1ee3c \u0111\u1ea7y \u0111\u1eb7n h\u01a1n.<\/p>\n<p>&#8211; <strong>Gh\u00e9p trung b\u00ec m\u1ee1 v\u00e0 c\u1ea5y b\u1edd h\u00e0m<\/strong> \u0111\u1ec3 k\u1ebft qu\u1ea3 t\u1ed1i \u01b0u nh\u1ea5t cho H\u01b0\u1eddng<\/p>\n<div id=\"attachment_7241\" style=\"width: 810px\" class=\"wp-caption aligncenter\"><img loading=\"lazy\" decoding=\"async\" aria-describedby=\"caption-attachment-7241\" class=\"size-full wp-image-7241\" src=\"https:\/\/benhvienthammykangnam.com.vn\/hoi-dap\/wp-content\/uploads\/2024\/12\/thu-huong-1.jpg\" alt=\"H\u00e0nh tr\u00ecnh h\u1ed3i ph\u1ee5c c\u1ee7a Thu H\u01b0\u1eddng\" width=\"800\" height=\"437\" \/><p id=\"caption-attachment-7241\" class=\"wp-caption-text\">H\u00e0nh tr\u00ecnh h\u1ed3i ph\u1ee5c c\u1ee7a Thu H\u01b0\u1eddng<\/p><\/div>\n<p>M\u1ed7i ca ph\u1eabu thu\u1eadt c\u00e1ch nhau m\u1ed9t kho\u1ea3ng th\u1eddi gian nh\u1ea5t \u0111\u1ecbnh \u0111\u1ec3 c\u01a1 th\u1ec3 Thu H\u01b0\u1eddng k\u1ecbp ph\u1ee5c h\u1ed3i v\u00e0 chu\u1ea9n b\u1ecb t\u1ed1t nh\u1ea5t cho ca ti\u1ebfp theo. \u0110\u00e2y l\u00e0 h\u00e0nh tr\u00ecnh kh\u00f4ng h\u1ec1 d\u1ec5 d\u00e0ng, b\u1edfi c\u00e1c cu\u1ed9c \u0111\u1ea1i ph\u1eabu \u0111\u1ec1u \u0111\u00f2i h\u1ecfi s\u1ef1 can \u0111\u1ea3m c\u1ee7a Thu H\u01b0\u1eddng v\u00e0 chuy\u00ean m\u00f4n c\u1ee7a \u0111\u1ed9i ng\u0169 b\u00e1c s\u0129.<\/p>\n<h2>K\u1ebft qu\u1ea3 ngo\u00e0i mong \u0111\u1ee3i<\/h2>\n<p>Tr\u1ea3i qua 4 cu\u1ed9c ph\u1eabu thu\u1eadt t\u1ea1i <a href=\"https:\/\/benhvienthammykangnam.com.vn\/hoi-dap\/danh-sach-benh-vien-tham-my-uy-tin\/\">B\u1ec7nh vi\u1ec7n Th\u1ea9m m\u1ef9<\/a> Kangnam, Thu H\u01b0\u1eddng \u0111\u00e3 t\u1eebng b\u01b0\u1edbc thay \u0111\u1ed5i, khu\u00f4n m\u1eb7t c\u00f4 g\u00e1i \u0111\u00e3 c\u00f3 s\u1ef1 &#8220;l\u1ed9t x\u00e1c&#8221; r\u00f5 r\u1ec7t. C\u00e1c \u0111\u01b0\u1eddng n\u00e9t tr\u00ean g\u01b0\u01a1ng m\u1eb7t tr\u1edf n\u00ean c\u00e2n \u0111\u1ed1i, h\u00e0i h\u00f2a v\u00e0 cu\u1ed1n h\u00fat h\u01a1n. Nh\u00ecn v\u00e0o g\u01b0\u01a1ng, c\u00f4 kh\u00f4ng c\u00f2n th\u1ea5y nh\u1eefng khuy\u1ebft \u0111i\u1ec3m t\u1eebng khi\u1ebfn m\u00ecnh t\u1ef1 ti n\u1eefa.<\/p>\n<div id=\"attachment_7240\" style=\"width: 810px\" class=\"wp-caption aligncenter\"><img loading=\"lazy\" decoding=\"async\" aria-describedby=\"caption-attachment-7240\" class=\"size-full wp-image-7240\" src=\"https:\/\/benhvienthammykangnam.com.vn\/hoi-dap\/wp-content\/uploads\/2024\/12\/thu-huong.jpg\" alt=\"S\u1ef1 thay \u0111\u1ed5i c\u1ee7a Thu H\u01b0\u1eddng khi\u1ebfn ng\u01b0\u1eddi nh\u00e0 kh\u00f4ng nh\u1eadn ra\" width=\"800\" height=\"640\" \/><p id=\"caption-attachment-7240\" class=\"wp-caption-text\">S\u1ef1 thay \u0111\u1ed5i c\u1ee7a Thu H\u01b0\u1eddng khi\u1ebfn ng\u01b0\u1eddi nh\u00e0 kh\u00f4ng nh\u1eadn ra<\/p><\/div>\n<p style=\"text-align: center;\"><a data-video=\"lvnrY3d0NUs\" class=\"modal-clip popClip\" rel=\"nofollow\"><img loading=\"lazy\" decoding=\"async\" width=\"550\" height=\"307\" src=\"https:\/\/i.ytimg.com\/vi\/lvnrY3d0NUs\/maxresdefault.jpg\" alt=\"\"><\/a><\/p>\n<p>Kh\u00f4ng ch\u1ec9 di\u1ec7n m\u1ea1o, tinh th\u1ea7n c\u1ee7a c\u00f4 c\u0169ng thay \u0111\u1ed5i t\u00edch c\u1ef1c. C\u00f4 b\u1eaft \u0111\u1ea7u m\u1edf l\u00f2ng, t\u1ef1 tin giao ti\u1ebfp v\u00e0 t\u1eadn h\u01b0\u1edfng nh\u1eefng \u0111i\u1ec1u m\u00e0 tr\u01b0\u1edbc \u0111\u00e2y c\u00f4 t\u1eebng b\u1ecf l\u1ee1. S\u1ef1 thay \u0111\u1ed5i n\u00e0y kh\u00f4ng ch\u1ec9 gi\u00fap c\u00f4 \u0111\u1eb9p h\u01a1n, m\u00e0 c\u00f2n mang \u0111\u1ebfn cho c\u00f4 m\u1ed9t cu\u1ed9c s\u1ed1ng tr\u1ecdn v\u1eb9n h\u01a1n.<\/p>\n<p>C\u00e2u chuy\u1ec7n c\u1ee7a Thu H\u01b0\u1eddng l\u00e0 minh ch\u1ee9ng cho vi\u1ec7c <a href=\"https:\/\/benhvienthammykangnam.com.vn\/hoi-dap\/phau-thuat-tham-my-la-gi\/\">ph\u1eabu thu\u1eadt th\u1ea9m m\u1ef9<\/a> kh\u00f4ng ch\u1ec9 \u0111\u01a1n thu\u1ea7n \u0111\u1ec3 l\u00e0m \u0111\u1eb9p m\u00e0 c\u00f2n gi\u00fap c\u1ea3i thi\u1ec7n ch\u1ea5t l\u01b0\u1ee3ng cu\u1ed9c s\u1ed1ng. V\u1edbi s\u1ef1 h\u1ed7 tr\u1ee3 t\u1eeb \u0111\u1ed9i ng\u0169 b\u00e1c s\u0129 gi\u1ecfi v\u00e0 quy\u1ebft t\u00e2m thay \u0111\u1ed5i b\u1ea3n th\u00e2n, Thu H\u01b0\u1eddng \u0111\u00e3 t\u00ecm l\u1ea1i \u0111\u01b0\u1ee3c ch\u00ednh m\u00ecnh \u2013 t\u1ef1 tin v\u00e0 r\u1ea1ng r\u1ee1 h\u01a1n bao gi\u1edd h\u1ebft.<\/p>\n","protected":false},"excerpt":{"rendered":"<p>G\u1ea7n 20 n\u0103m s\u1ed1ng chung v\u1edbi g\u01b0\u01a1ng m\u1eb7t l\u00f5m h\u00f3p do di ch\u1ee9ng c\u1ee7a u x\u01b0\u01a1ng h\u00e0m, Thu H\u01b0\u1eddng kh\u00f4ng ngh\u0129 \u0111\u1ebfn vi\u1ec7c m\u1ed9t ng\u00e0y m\u00ecnh \u0111\u01b0\u1ee3c \u201cl\u1ed9t x\u00e1c\u201d ngo\u1ea1n m\u1ee5c v\u1edbi khu\u00f4n m\u1eb7t c\u00e2n \u0111\u1ed1i, h\u00e0i h\u00f2a. Khu\u00f4n m\u1eb7t l\u00f5m h\u00f3p &#8211; N\u1ed7i t\u1ef1 ti \u0111eo b\u00e1m nhi\u1ec1u n\u0103m Ch\u1ec9 m\u1edbi 3 tu\u1ed5i, Thu &#8230;<\/p>\n","protected":false},"author":3,"featured_media":7245,"parent":0,"menu_order":0,"comment_status":"closed","ping_status":"closed","template":"","meta":{"_acf_changed":false,"_glsr_average":0,"_glsr_ranking":0,"_glsr_reviews":0,"footnotes":""},"class_list":["post-7135","page","type-page","status-publish","has-post-thumbnail","hentry"],"acf":{"group_admin_control":"","group_admin":"default","group_page_field":{"":null,"header_custom":null,"body_custom":null,"sidebar_custom":null,"site_custom":null}},"yoast_head":"<title>H\u00e0nh tr\u00ecnh \u201cl\u1ed9t x\u00e1c\u201d c\u1ee7a Thu H\u01b0\u1eddng - c\u00f4 n\u00e0ng m\u1eb7t l\u00f5m - H\u1ecfi \u0111\u00e1p<\/title>\n<meta name=\"description\" content=\"G\u1ea7n 20 n\u0103m s\u1ed1ng chung v\u1edbi g\u01b0\u01a1ng m\u1eb7t l\u00f5m h\u00f3p do di ch\u1ee9ng c\u1ee7a u x\u01b0\u01a1ng h\u00e0m, Thu H\u01b0\u1eddng kh\u00f4ng ngh\u0129 \u0111\u1ebfn vi\u1ec7c m\u1ed9t ng\u00e0y m\u00ecnh \u0111\u01b0\u1ee3c \u201cl\u1ed9t x\u00e1c\u201d\" \/>\n<meta name=\"robots\" content=\"index, follow, max-snippet:-1, max-image-preview:large, max-video-preview:-1\" \/>\n<link rel=\"canonical\" href=\"https:\/\/benhvienthammykangnam.com.vn\/hoi-dap\/hanh-trinh-lot-xac-cua-thu-huong-co-nang-mat-lom\/\" \/>\n<meta property=\"og:locale\" content=\"en_US\" \/>\n<meta property=\"og:type\" content=\"article\" \/>\n<meta property=\"og:title\" content=\"H\u00e0nh tr\u00ecnh \u201cl\u1ed9t x\u00e1c\u201d c\u1ee7a Thu H\u01b0\u1eddng - c\u00f4 n\u00e0ng m\u1eb7t l\u00f5m - H\u1ecfi \u0111\u00e1p\" \/>\n<meta property=\"og:description\" content=\"G\u1ea7n 20 n\u0103m s\u1ed1ng chung v\u1edbi g\u01b0\u01a1ng m\u1eb7t l\u00f5m h\u00f3p do di ch\u1ee9ng c\u1ee7a u x\u01b0\u01a1ng h\u00e0m, Thu H\u01b0\u1eddng kh\u00f4ng ngh\u0129 \u0111\u1ebfn vi\u1ec7c m\u1ed9t ng\u00e0y m\u00ecnh \u0111\u01b0\u1ee3c \u201cl\u1ed9t x\u00e1c\u201d\" \/>\n<meta property=\"og:url\" content=\"https:\/\/benhvienthammykangnam.com.vn\/hoi-dap\/hanh-trinh-lot-xac-cua-thu-huong-co-nang-mat-lom\/\" \/>\n<meta property=\"og:site_name\" content=\"H\u1ecfi \u0111\u00e1p\" \/>\n<meta property=\"article:modified_time\" content=\"2024-12-25T16:33:35+00:00\" \/>\n<meta property=\"og:image\" content=\"https:\/\/benhvienthammykangnam.com.vn\/hoi-dap\/wp-content\/uploads\/2024\/12\/thu-huong-thumb.jpg\" \/>\n\t<meta property=\"og:image:width\" content=\"1280\" \/>\n\t<meta property=\"og:image:height\" content=\"720\" \/>\n\t<meta property=\"og:image:type\" content=\"image\/jpeg\" \/>\n<meta name=\"twitter:card\" content=\"summary_large_image\" \/>\n<meta name=\"twitter:label1\" content=\"Est. reading time\" \/>\n\t<meta name=\"twitter:data1\" content=\"6 minutes\" \/>","yoast_head_json":{"title":"H\u00e0nh tr\u00ecnh \u201cl\u1ed9t x\u00e1c\u201d c\u1ee7a Thu H\u01b0\u1eddng - c\u00f4 n\u00e0ng m\u1eb7t l\u00f5m - H\u1ecfi \u0111\u00e1p","description":"G\u1ea7n 20 n\u0103m s\u1ed1ng chung v\u1edbi g\u01b0\u01a1ng m\u1eb7t l\u00f5m h\u00f3p do di ch\u1ee9ng c\u1ee7a u x\u01b0\u01a1ng h\u00e0m, Thu H\u01b0\u1eddng kh\u00f4ng ngh\u0129 \u0111\u1ebfn vi\u1ec7c m\u1ed9t ng\u00e0y m\u00ecnh \u0111\u01b0\u1ee3c \u201cl\u1ed9t x\u00e1c\u201d","robots":{"index":"index","follow":"follow","max-snippet":"max-snippet:-1","max-image-preview":"max-image-preview:large","max-video-preview":"max-video-preview:-1"},"canonical":"https:\/\/benhvienthammykangnam.com.vn\/hoi-dap\/hanh-trinh-lot-xac-cua-thu-huong-co-nang-mat-lom\/","og_locale":"en_US","og_type":"article","og_title":"H\u00e0nh tr\u00ecnh \u201cl\u1ed9t x\u00e1c\u201d c\u1ee7a Thu H\u01b0\u1eddng - c\u00f4 n\u00e0ng m\u1eb7t l\u00f5m - H\u1ecfi \u0111\u00e1p","og_description":"G\u1ea7n 20 n\u0103m s\u1ed1ng chung v\u1edbi g\u01b0\u01a1ng m\u1eb7t l\u00f5m h\u00f3p do di ch\u1ee9ng c\u1ee7a u x\u01b0\u01a1ng h\u00e0m, Thu H\u01b0\u1eddng kh\u00f4ng ngh\u0129 \u0111\u1ebfn vi\u1ec7c m\u1ed9t ng\u00e0y m\u00ecnh \u0111\u01b0\u1ee3c \u201cl\u1ed9t x\u00e1c\u201d","og_url":"https:\/\/benhvienthammykangnam.com.vn\/hoi-dap\/hanh-trinh-lot-xac-cua-thu-huong-co-nang-mat-lom\/","og_site_name":"H\u1ecfi \u0111\u00e1p","article_modified_time":"2024-12-25T16:33:35+00:00","og_image":[{"width":1280,"height":720,"url":"https:\/\/benhvienthammykangnam.com.vn\/hoi-dap\/wp-content\/uploads\/2024\/12\/thu-huong-thumb.jpg","type":"image\/jpeg"}],"twitter_card":"summary_large_image","twitter_misc":{"Est. reading time":"6 minutes"},"schema":{"@context":"https:\/\/schema.org","@graph":[{"@type":"WebPage","@id":"https:\/\/benhvienthammykangnam.com.vn\/hoi-dap\/hanh-trinh-lot-xac-cua-thu-huong-co-nang-mat-lom\/","url":"https:\/\/benhvienthammykangnam.com.vn\/hoi-dap\/hanh-trinh-lot-xac-cua-thu-huong-co-nang-mat-lom\/","name":"H\u00e0nh tr\u00ecnh \u201cl\u1ed9t x\u00e1c\u201d c\u1ee7a Thu H\u01b0\u1eddng - c\u00f4 n\u00e0ng m\u1eb7t l\u00f5m - H\u1ecfi \u0111\u00e1p","isPartOf":{"@id":"https:\/\/benhvienthammykangnam.com.vn\/hoi-dap\/#website"},"primaryImageOfPage":{"@id":"https:\/\/benhvienthammykangnam.com.vn\/hoi-dap\/hanh-trinh-lot-xac-cua-thu-huong-co-nang-mat-lom\/#primaryimage"},"image":{"@id":"https:\/\/benhvienthammykangnam.com.vn\/hoi-dap\/hanh-trinh-lot-xac-cua-thu-huong-co-nang-mat-lom\/#primaryimage"},"thumbnailUrl":"https:\/\/benhvienthammykangnam.com.vn\/hoi-dap\/wp-content\/uploads\/2024\/12\/thu-huong-thumb.jpg","datePublished":"2024-12-25T08:49:11+00:00","dateModified":"2024-12-25T16:33:35+00:00","description":"G\u1ea7n 20 n\u0103m s\u1ed1ng chung v\u1edbi g\u01b0\u01a1ng m\u1eb7t l\u00f5m h\u00f3p do di ch\u1ee9ng c\u1ee7a u x\u01b0\u01a1ng h\u00e0m, Thu H\u01b0\u1eddng kh\u00f4ng ngh\u0129 \u0111\u1ebfn vi\u1ec7c m\u1ed9t ng\u00e0y m\u00ecnh \u0111\u01b0\u1ee3c \u201cl\u1ed9t x\u00e1c\u201d","breadcrumb":{"@id":"https:\/\/benhvienthammykangnam.com.vn\/hoi-dap\/hanh-trinh-lot-xac-cua-thu-huong-co-nang-mat-lom\/#breadcrumb"},"inLanguage":"en-US","potentialAction":[{"@type":"ReadAction","target":["https:\/\/benhvienthammykangnam.com.vn\/hoi-dap\/hanh-trinh-lot-xac-cua-thu-huong-co-nang-mat-lom\/"]}]},{"@type":"ImageObject","inLanguage":"en-US","@id":"https:\/\/benhvienthammykangnam.com.vn\/hoi-dap\/hanh-trinh-lot-xac-cua-thu-huong-co-nang-mat-lom\/#primaryimage","url":"https:\/\/benhvienthammykangnam.com.vn\/hoi-dap\/wp-content\/uploads\/2024\/12\/thu-huong-thumb.jpg","contentUrl":"https:\/\/benhvienthammykangnam.com.vn\/hoi-dap\/wp-content\/uploads\/2024\/12\/thu-huong-thumb.jpg","width":1280,"height":720,"caption":"H\u00e0nh tr\u00ecnh \u201cl\u1ed9t x\u00e1c\u201d c\u1ee7a Thu H\u01b0\u1eddng - \u201cc\u00f4 n\u00e0ng m\u1eb7t l\u00f5m\u201d"},{"@type":"BreadcrumbList","@id":"https:\/\/benhvienthammykangnam.com.vn\/hoi-dap\/hanh-trinh-lot-xac-cua-thu-huong-co-nang-mat-lom\/#breadcrumb","itemListElement":[{"@type":"ListItem","position":1,"name":"H\u1ecfi \u0111\u00e1p","item":"https:\/\/benhvienthammykangnam.com.vn\/hoi-dap\/"},{"@type":"ListItem","position":2,"name":"H\u00e0nh tr\u00ecnh \u201cl\u1ed9t x\u00e1c\u201d c\u1ee7a Thu H\u01b0\u1eddng &#8211; c\u00f4 n\u00e0ng m\u1eb7t l\u00f5m"}]},{"@type":"WebSite","@id":"https:\/\/benhvienthammykangnam.com.vn\/hoi-dap\/#website","url":"https:\/\/benhvienthammykangnam.com.vn\/hoi-dap\/","name":"H\u1ecfi \u0110\u00e1p chuy\u00ean gia th\u1ea9m m\u1ef9","description":"H\u1ecfi \u0110\u00e1p chuy\u00ean gia th\u1ea9m m\u1ef9","potentialAction":[{"@type":"SearchAction","target":{"@type":"EntryPoint","urlTemplate":"https:\/\/benhvienthammykangnam.com.vn\/hoi-dap\/?s={search_term_string}"},"query-input":{"@type":"PropertyValueSpecification","valueRequired":true,"valueName":"search_term_string"}}],"inLanguage":"en-US"}]}},"_links":{"self":[{"href":"https:\/\/benhvienthammykangnam.com.vn\/hoi-dap\/wp-json\/wp\/v2\/pages\/7135","targetHints":{"allow":["GET"]}}],"collection":[{"href":"https:\/\/benhvienthammykangnam.com.vn\/hoi-dap\/wp-json\/wp\/v2\/pages"}],"about":[{"href":"https:\/\/benhvienthammykangnam.com.vn\/hoi-dap\/wp-json\/wp\/v2\/types\/page"}],"author":[{"embeddable":true,"href":"https:\/\/benhvienthammykangnam.com.vn\/hoi-dap\/wp-json\/wp\/v2\/users\/3"}],"replies":[{"embeddable":true,"href":"https:\/\/benhvienthammykangnam.com.vn\/hoi-dap\/wp-json\/wp\/v2\/comments?post=7135"}],"version-history":[{"count":0,"href":"https:\/\/benhvienthammykangnam.com.vn\/hoi-dap\/wp-json\/wp\/v2\/pages\/7135\/revisions"}],"wp:featuredmedia":[{"embeddable":true,"href":"https:\/\/benhvienthammykangnam.com.vn\/hoi-dap\/wp-json\/wp\/v2\/media\/7245"}],"wp:attachment":[{"href":"https:\/\/benhvienthammykangnam.com.vn\/hoi-dap\/wp-json\/wp\/v2\/media?parent=7135"}],"curies":[{"name":"wp","href":"https:\/\/api.w.org\/{rel}","templated":true}]}}