{"id":3,"date":"2024-09-12T13:48:39","date_gmt":"2024-09-12T13:48:39","guid":{"rendered":"https:\/\/benhvienthammykangnam.com.vn\/hoi-dap\/?page_id=3"},"modified":"2024-10-03T15:06:45","modified_gmt":"2024-10-03T15:06:45","slug":"chinh-sach-bao-mat","status":"publish","type":"page","link":"https:\/\/benhvienthammykangnam.com.vn\/hoi-dap\/chinh-sach-bao-mat\/","title":{"rendered":"Ch\u00ednh s\u00e1ch b\u1ea3o m\u1eadt"},"content":{"rendered":"\r\n<p>T\u1ea1i <strong>hoidap.benhvienkangnam.vn<\/strong>, ch\u00fang t\u00f4i cam k\u1ebft b\u1ea3o v\u1ec7 quy\u1ec1n ri\u00eang t\u01b0 v\u00e0 th\u00f4ng tin c\u00e1 nh\u00e2n c\u1ee7a kh\u00e1ch h\u00e0ng. Khi b\u1ea1n truy c\u1eadp v\u00e0 s\u1eed d\u1ee5ng trang web, th\u00f4ng tin c\u00e1 nh\u00e2n m\u00e0 b\u1ea1n cung c\u1ea5p nh\u01b0 t\u00ean, \u0111\u1ecba ch\u1ec9 email, s\u1ed1 \u0111i\u1ec7n tho\u1ea1i v\u00e0 n\u1ed9i dung c\u00e2u h\u1ecfi s\u1ebd \u0111\u01b0\u1ee3c thu th\u1eadp nh\u1eb1m m\u1ee5c \u0111\u00edch t\u01b0 v\u1ea5n y t\u1ebf v\u00e0 cung c\u1ea5p d\u1ecbch v\u1ee5.<\/p>\r\n<h3 class=\"wp-block-heading\">1. <strong>Thu th\u1eadp th\u00f4ng tin c\u00e1 nh\u00e2n<\/strong><\/h3>\r\n<p>Ch\u00fang t\u00f4i ch\u1ec9 thu th\u1eadp c\u00e1c th\u00f4ng tin c\u1ea7n thi\u1ebft \u0111\u1ec3 h\u1ed7 tr\u1ee3 kh\u00e1ch h\u00e0ng m\u1ed9t c\u00e1ch t\u1ed1i \u01b0u. C\u00e1c th\u00f4ng tin \u0111\u01b0\u1ee3c y\u00eau c\u1ea7u bao g\u1ed3m:<\/p>\r\n<ul>\r\n<li>T\u00ean kh\u00e1ch h\u00e0ng<\/li>\r\n<li>\u0110\u1ecba ch\u1ec9 email<\/li>\r\n<li>S\u1ed1 \u0111i\u1ec7n tho\u1ea1i<\/li>\r\n<li>N\u1ed9i dung c\u00e2u h\u1ecfi g\u1eedi b\u00e1c s\u0129<\/li>\r\n<\/ul>\r\n<h3>2. <strong>M\u1ee5c \u0111\u00edch s\u1eed d\u1ee5ng th\u00f4ng tin<\/strong><\/h3>\r\n<p>Th\u00f4ng tin c\u00e1 nh\u00e2n \u0111\u01b0\u1ee3c thu th\u1eadp v\u1edbi m\u1ee5c \u0111\u00edch:<\/p>\r\n<ul>\r\n<li>T\u01b0 v\u1ea5n y t\u1ebf v\u00e0 gi\u1ea3i \u0111\u00e1p c\u00e1c th\u1eafc m\u1eafc c\u1ee7a kh\u00e1ch h\u00e0ng.<\/li>\r\n<li>C\u1ea3i thi\u1ec7n d\u1ecbch v\u1ee5 ch\u0103m s\u00f3c kh\u00e1ch h\u00e0ng v\u00e0 t\u1ed1i \u01b0u h\u00f3a tr\u1ea3i nghi\u1ec7m ng\u01b0\u1eddi d\u00f9ng.<\/li>\r\n<\/ul>\r\n<h3>3. <strong>B\u1ea3o m\u1eadt th\u00f4ng tin<\/strong><\/h3>\r\n<p>Ch\u00fang t\u00f4i \u00e1p d\u1ee5ng c\u00e1c bi\u1ec7n ph\u00e1p b\u1ea3o m\u1eadt nghi\u00eam ng\u1eb7t \u0111\u1ec3 \u0111\u1ea3m b\u1ea3o an to\u00e0n cho d\u1eef li\u1ec7u c\u00e1 nh\u00e2n c\u1ee7a b\u1ea1n. Th\u00f4ng tin c\u1ee7a b\u1ea1n s\u1ebd kh\u00f4ng \u0111\u01b0\u1ee3c chia s\u1ebb v\u1edbi b\u00ean th\u1ee9 ba n\u1ebfu kh\u00f4ng c\u00f3 s\u1ef1 \u0111\u1ed3ng \u00fd.<\/p>\r\n<h3>4. <strong>Quy\u1ec1n c\u1ee7a ng\u01b0\u1eddi d\u00f9ng<\/strong><\/h3>\r\n<p>Kh\u00e1ch h\u00e0ng c\u00f3 quy\u1ec1n y\u00eau c\u1ea7u truy c\u1eadp, ch\u1ec9nh s\u1eeda ho\u1eb7c x\u00f3a th\u00f4ng tin c\u00e1 nh\u00e2n b\u1ea5t c\u1ee9 l\u00fac n\u00e0o. N\u1ebfu c\u00f3 b\u1ea5t k\u1ef3 th\u1eafc m\u1eafc n\u00e0o v\u1ec1 ch\u00ednh s\u00e1ch b\u1ea3o m\u1eadt, vui l\u00f2ng li\u00ean h\u1ec7 v\u1edbi ch\u00fang t\u00f4i qua email ho\u1eb7c s\u1ed1 \u0111i\u1ec7n tho\u1ea1i cung c\u1ea5p tr\u00ean trang web.<\/p>\r\n<h3>5. <strong>C\u1eadp nh\u1eadt ch\u00ednh s\u00e1ch<\/strong><\/h3>\r\n<p>Ch\u00ednh s\u00e1ch b\u1ea3o m\u1eadt c\u00f3 th\u1ec3 \u0111\u01b0\u1ee3c \u0111i\u1ec1u ch\u1ec9nh v\u00e0 c\u1eadp nh\u1eadt \u0111\u1ec3 ph\u00f9 h\u1ee3p v\u1edbi s\u1ef1 thay \u0111\u1ed5i c\u1ee7a ph\u00e1p lu\u1eadt ho\u1eb7c nhu c\u1ea7u s\u1eed d\u1ee5ng d\u1ecbch v\u1ee5. M\u1ecdi thay \u0111\u1ed5i s\u1ebd \u0111\u01b0\u1ee3c th\u00f4ng b\u00e1o r\u00f5 r\u00e0ng tr\u00ean trang web.<\/p>\r\n<hr \/>\r\n<p>B\u00e0i vi\u1ebft n\u00e0y gi\u00fap ng\u01b0\u1eddi d\u00f9ng hi\u1ec3u r\u00f5 c\u00e1ch th\u00f4ng tin c\u00e1 nh\u00e2n c\u1ee7a h\u1ecd \u0111\u01b0\u1ee3c b\u1ea3o v\u1ec7 v\u00e0 s\u1eed d\u1ee5ng khi h\u1ecd g\u1eedi c\u00e2u h\u1ecfi t\u01b0 v\u1ea5n t\u1ea1i <strong>hoidap.benhvienkangnam.vn<\/strong>.<\/p>","protected":false},"excerpt":{"rendered":"<p>T\u1ea1i hoidap.benhvienkangnam.vn, ch\u00fang t\u00f4i cam k\u1ebft b\u1ea3o v\u1ec7 quy\u1ec1n ri\u00eang t\u01b0 v\u00e0 th\u00f4ng tin c\u00e1 nh\u00e2n c\u1ee7a kh\u00e1ch h\u00e0ng. Khi b\u1ea1n truy c\u1eadp v\u00e0 s\u1eed d\u1ee5ng trang web, th\u00f4ng tin c\u00e1 nh\u00e2n m\u00e0 b\u1ea1n cung c\u1ea5p nh\u01b0 t\u00ean, \u0111\u1ecba ch\u1ec9 email, s\u1ed1 \u0111i\u1ec7n tho\u1ea1i v\u00e0 n\u1ed9i dung c\u00e2u h\u1ecfi s\u1ebd \u0111\u01b0\u1ee3c thu th\u1eadp &#8230;<\/p>\n","protected":false},"author":1,"featured_media":0,"parent":0,"menu_order":0,"comment_status":"closed","ping_status":"open","template":"","meta":{"_acf_changed":false,"_glsr_average":0,"_glsr_ranking":0,"_glsr_reviews":0,"footnotes":""},"class_list":["post-3","page","type-page","status-publish","hentry"],"acf":{"group_admin_control":"","group_admin":"default","group_page_field":{"":null,"header_custom":null,"body_custom":null,"sidebar_custom":null,"site_custom":null}},"yoast_head":"<title>Ch\u00ednh S\u00e1ch B\u1ea3o M\u1eadt - hoidap.benhvienkangnam.vn<\/title>\n<meta name=\"description\" content=\"T\u1ea1i hoidap.benhvienkangnam.vn, ch\u00fang t\u00f4i cam k\u1ebft b\u1ea3o v\u1ec7 quy\u1ec1n ri\u00eang t\u01b0 v\u00e0 th\u00f4ng tin c\u00e1 nh\u00e2n c\u1ee7a kh\u00e1ch h\u00e0ng. Khi b\u1ea1n truy c\u1eadp v\u00e0 s\u1eed d\u1ee5ng trang web, th\u00f4ng\" \/>\n<meta name=\"robots\" content=\"index, follow, max-snippet:-1, max-image-preview:large, max-video-preview:-1\" \/>\n<link rel=\"canonical\" href=\"https:\/\/benhvienthammykangnam.com.vn\/hoi-dap\/chinh-sach-bao-mat\/\" \/>\n<meta property=\"og:locale\" content=\"en_US\" \/>\n<meta property=\"og:type\" content=\"article\" \/>\n<meta property=\"og:title\" content=\"Ch\u00ednh S\u00e1ch B\u1ea3o M\u1eadt - hoidap.benhvienkangnam.vn\" \/>\n<meta property=\"og:description\" content=\"T\u1ea1i hoidap.benhvienkangnam.vn, ch\u00fang t\u00f4i cam k\u1ebft b\u1ea3o v\u1ec7 quy\u1ec1n ri\u00eang t\u01b0 v\u00e0 th\u00f4ng tin c\u00e1 nh\u00e2n c\u1ee7a kh\u00e1ch h\u00e0ng. Khi b\u1ea1n truy c\u1eadp v\u00e0 s\u1eed d\u1ee5ng trang web, th\u00f4ng\" \/>\n<meta property=\"og:url\" content=\"https:\/\/benhvienthammykangnam.com.vn\/hoi-dap\/chinh-sach-bao-mat\/\" \/>\n<meta property=\"og:site_name\" content=\"H\u1ecfi \u0111\u00e1p\" \/>\n<meta property=\"article:modified_time\" content=\"2024-10-03T15:06:45+00:00\" \/>\n<meta property=\"og:image\" content=\"https:\/\/benhvienthammykangnam.com.vn\/hoi-dap\/wp-content\/uploads\/2024\/09\/logo-1.png\" \/>\n\t<meta property=\"og:image:width\" content=\"2039\" \/>\n\t<meta property=\"og:image:height\" content=\"615\" \/>\n\t<meta property=\"og:image:type\" content=\"image\/png\" \/>\n<meta name=\"twitter:card\" content=\"summary_large_image\" \/>\n<meta name=\"twitter:label1\" content=\"Est. reading time\" \/>\n\t<meta name=\"twitter:data1\" content=\"2 minutes\" \/>","yoast_head_json":{"title":"Ch\u00ednh S\u00e1ch B\u1ea3o M\u1eadt - hoidap.benhvienkangnam.vn","description":"T\u1ea1i hoidap.benhvienkangnam.vn, ch\u00fang t\u00f4i cam k\u1ebft b\u1ea3o v\u1ec7 quy\u1ec1n ri\u00eang t\u01b0 v\u00e0 th\u00f4ng tin c\u00e1 nh\u00e2n c\u1ee7a kh\u00e1ch h\u00e0ng. Khi b\u1ea1n truy c\u1eadp v\u00e0 s\u1eed d\u1ee5ng trang web, th\u00f4ng","robots":{"index":"index","follow":"follow","max-snippet":"max-snippet:-1","max-image-preview":"max-image-preview:large","max-video-preview":"max-video-preview:-1"},"canonical":"https:\/\/benhvienthammykangnam.com.vn\/hoi-dap\/chinh-sach-bao-mat\/","og_locale":"en_US","og_type":"article","og_title":"Ch\u00ednh S\u00e1ch B\u1ea3o M\u1eadt - hoidap.benhvienkangnam.vn","og_description":"T\u1ea1i hoidap.benhvienkangnam.vn, ch\u00fang t\u00f4i cam k\u1ebft b\u1ea3o v\u1ec7 quy\u1ec1n ri\u00eang t\u01b0 v\u00e0 th\u00f4ng tin c\u00e1 nh\u00e2n c\u1ee7a kh\u00e1ch h\u00e0ng. Khi b\u1ea1n truy c\u1eadp v\u00e0 s\u1eed d\u1ee5ng trang web, th\u00f4ng","og_url":"https:\/\/benhvienthammykangnam.com.vn\/hoi-dap\/chinh-sach-bao-mat\/","og_site_name":"H\u1ecfi \u0111\u00e1p","article_modified_time":"2024-10-03T15:06:45+00:00","og_image":[{"width":2039,"height":615,"url":"https:\/\/benhvienthammykangnam.com.vn\/hoi-dap\/wp-content\/uploads\/2024\/09\/logo-1.png","type":"image\/png"}],"twitter_card":"summary_large_image","twitter_misc":{"Est. reading time":"2 minutes"},"schema":{"@context":"https:\/\/schema.org","@graph":[{"@type":"WebPage","@id":"https:\/\/benhvienthammykangnam.com.vn\/hoi-dap\/chinh-sach-bao-mat\/","url":"https:\/\/benhvienthammykangnam.com.vn\/hoi-dap\/chinh-sach-bao-mat\/","name":"Ch\u00ednh S\u00e1ch B\u1ea3o M\u1eadt - hoidap.benhvienkangnam.vn","isPartOf":{"@id":"https:\/\/benhvienthammykangnam.com.vn\/hoi-dap\/#website"},"datePublished":"2024-09-12T13:48:39+00:00","dateModified":"2024-10-03T15:06:45+00:00","description":"T\u1ea1i hoidap.benhvienkangnam.vn, ch\u00fang t\u00f4i cam k\u1ebft b\u1ea3o v\u1ec7 quy\u1ec1n ri\u00eang t\u01b0 v\u00e0 th\u00f4ng tin c\u00e1 nh\u00e2n c\u1ee7a kh\u00e1ch h\u00e0ng. Khi b\u1ea1n truy c\u1eadp v\u00e0 s\u1eed d\u1ee5ng trang web, th\u00f4ng","breadcrumb":{"@id":"https:\/\/benhvienthammykangnam.com.vn\/hoi-dap\/chinh-sach-bao-mat\/#breadcrumb"},"inLanguage":"en-US","potentialAction":[{"@type":"ReadAction","target":["https:\/\/benhvienthammykangnam.com.vn\/hoi-dap\/chinh-sach-bao-mat\/"]}]},{"@type":"BreadcrumbList","@id":"https:\/\/benhvienthammykangnam.com.vn\/hoi-dap\/chinh-sach-bao-mat\/#breadcrumb","itemListElement":[{"@type":"ListItem","position":1,"name":"H\u1ecfi \u0111\u00e1p","item":"https:\/\/benhvienthammykangnam.com.vn\/hoi-dap\/"},{"@type":"ListItem","position":2,"name":"Ch\u00ednh s\u00e1ch b\u1ea3o m\u1eadt"}]},{"@type":"WebSite","@id":"https:\/\/benhvienthammykangnam.com.vn\/hoi-dap\/#website","url":"https:\/\/benhvienthammykangnam.com.vn\/hoi-dap\/","name":"H\u1ecfi \u0110\u00e1p chuy\u00ean gia th\u1ea9m m\u1ef9","description":"H\u1ecfi \u0110\u00e1p chuy\u00ean gia th\u1ea9m m\u1ef9","potentialAction":[{"@type":"SearchAction","target":{"@type":"EntryPoint","urlTemplate":"https:\/\/benhvienthammykangnam.com.vn\/hoi-dap\/?s={search_term_string}"},"query-input":{"@type":"PropertyValueSpecification","valueRequired":true,"valueName":"search_term_string"}}],"inLanguage":"en-US"}]}},"_links":{"self":[{"href":"https:\/\/benhvienthammykangnam.com.vn\/hoi-dap\/wp-json\/wp\/v2\/pages\/3","targetHints":{"allow":["GET"]}}],"collection":[{"href":"https:\/\/benhvienthammykangnam.com.vn\/hoi-dap\/wp-json\/wp\/v2\/pages"}],"about":[{"href":"https:\/\/benhvienthammykangnam.com.vn\/hoi-dap\/wp-json\/wp\/v2\/types\/page"}],"author":[{"embeddable":true,"href":"https:\/\/benhvienthammykangnam.com.vn\/hoi-dap\/wp-json\/wp\/v2\/users\/1"}],"replies":[{"embeddable":true,"href":"https:\/\/benhvienthammykangnam.com.vn\/hoi-dap\/wp-json\/wp\/v2\/comments?post=3"}],"version-history":[{"count":0,"href":"https:\/\/benhvienthammykangnam.com.vn\/hoi-dap\/wp-json\/wp\/v2\/pages\/3\/revisions"}],"wp:attachment":[{"href":"https:\/\/benhvienthammykangnam.com.vn\/hoi-dap\/wp-json\/wp\/v2\/media?parent=3"}],"curies":[{"name":"wp","href":"https:\/\/api.w.org\/{rel}","templated":true}]}}